{"id":9308,"date":"2025-12-16T15:21:27","date_gmt":"2025-12-16T15:21:27","guid":{"rendered":"https:\/\/academiapastoralnb.org\/?page_id=9308"},"modified":"2025-12-16T15:34:24","modified_gmt":"2025-12-16T15:34:24","slug":"virtual-classroom-pastoral-theology","status":"publish","type":"page","link":"https:\/\/academiapastoralnb.org\/es\/virtual-classroom-pastoral-theology\/","title":{"rendered":"Virtual Classroom: Pastoral Theology"},"content":{"rendered":"\t\t<div data-elementor-type=\"wp-page\" data-elementor-id=\"9308\" class=\"elementor elementor-9308\">\n\t\t\t\t<div class=\"elementor-element elementor-element-6cd8982 e-flex e-con-boxed wpr-particle-no wpr-jarallax-no wpr-parallax-no wpr-sticky-section-no e-con e-parent\" data-id=\"6cd8982\" data-element_type=\"container\" data-e-type=\"container\" data-settings=\"{&quot;background_background&quot;:&quot;classic&quot;}\">\n\t\t\t\t\t<div class=\"e-con-inner\">\n\t\t<div class=\"elementor-element elementor-element-351b5e7b e-flex e-con-boxed wpr-particle-no wpr-jarallax-no wpr-parallax-no wpr-sticky-section-no e-con e-child\" data-id=\"351b5e7b\" data-element_type=\"container\" data-e-type=\"container\">\n\t\t\t\t\t<div class=\"e-con-inner\">\n\t\t\t\t<div class=\"elementor-element elementor-element-47c41099 elementor-widget elementor-widget-heading\" data-id=\"47c41099\" data-element_type=\"widget\" data-e-type=\"widget\" data-widget_type=\"heading.default\">\n\t\t\t\t\t<h2 class=\"elementor-heading-title elementor-size-default\">Aula Virtual: Teolog\u00eda Pastoral<\/h2>\t\t\t\t<\/div>\n\t\t\t\t<div class=\"elementor-element elementor-element-5de22d7a elementor-icon-list--layout-inline elementor-list-item-link-full_width elementor-widget elementor-widget-icon-list\" data-id=\"5de22d7a\" data-element_type=\"widget\" data-e-type=\"widget\" data-widget_type=\"icon-list.default\">\n\t\t\t\t\t\t\t<ul class=\"elementor-icon-list-items elementor-inline-items\">\n\t\t\t\t\t\t\t<li class=\"elementor-icon-list-item elementor-inline-item\">\n\t\t\t\t\t\t\t\t\t\t\t<a href=\"https:\/\/academiapastoralnb.org\/es\/aula-virtual\/\">\n\n\t\t\t\t\t\t\t\t\t\t\t\t<span class=\"elementor-icon-list-icon\">\n\t\t\t\t\t\t\t<svg aria-hidden=\"true\" class=\"e-font-icon-svg e-fas-book\" viewBox=\"0 0 448 512\" xmlns=\"http:\/\/www.w3.org\/2000\/svg\"><path d=\"M448 360V24c0-13.3-10.7-24-24-24H96C43 0 0 43 0 96v320c0 53 43 96 96 96h328c13.3 0 24-10.7 24-24v-16c0-7.5-3.5-14.3-8.9-18.7-4.2-15.4-4.2-59.3 0-74.7 5.4-4.3 8.9-11.1 8.9-18.6zM128 134c0-3.3 2.7-6 6-6h212c3.3 0 6 2.7 6 6v20c0 3.3-2.7 6-6 6H134c-3.3 0-6-2.7-6-6v-20zm0 64c0-3.3 2.7-6 6-6h212c3.3 0 6 2.7 6 6v20c0 3.3-2.7 6-6 6H134c-3.3 0-6-2.7-6-6v-20zm253.4 250H96c-17.7 0-32-14.3-32-32 0-17.6 14.4-32 32-32h285.4c-1.9 17.1-1.9 46.9 0 64z\"><\/path><\/svg>\t\t\t\t\t\t<\/span>\n\t\t\t\t\t\t\t\t\t\t<span class=\"elementor-icon-list-text\">Aula Virtual<\/span>\n\t\t\t\t\t\t\t\t\t\t\t<\/a>\n\t\t\t\t\t\t\t\t\t<\/li>\n\t\t\t\t\t\t\t\t<li class=\"elementor-icon-list-item elementor-inline-item\">\n\t\t\t\t\t\t\t\t\t\t\t<span class=\"elementor-icon-list-icon\">\n\t\t\t\t\t\t\t<svg aria-hidden=\"true\" class=\"e-font-icon-svg e-fas-chevron-circle-right\" viewBox=\"0 0 512 512\" xmlns=\"http:\/\/www.w3.org\/2000\/svg\"><path d=\"M256 8c137 0 248 111 248 248S393 504 256 504 8 393 8 256 119 8 256 8zm113.9 231L234.4 103.5c-9.4-9.4-24.6-9.4-33.9 0l-17 17c-9.4 9.4-9.4 24.6 0 33.9L285.1 256 183.5 357.6c-9.4 9.4-9.4 24.6 0 33.9l17 17c9.4 9.4 24.6 9.4 33.9 0L369.9 273c9.4-9.4 9.4-24.6 0-34z\"><\/path><\/svg>\t\t\t\t\t\t<\/span>\n\t\t\t\t\t\t\t\t\t\t<span class=\"elementor-icon-list-text\">Teolog\u00eda Pastoral<\/span>\n\t\t\t\t\t\t\t\t\t<\/li>\n\t\t\t\t\t\t<\/ul>\n\t\t\t\t\t\t<\/div>\n\t\t\t\t\t<\/div>\n\t\t\t\t<\/div>\n\t\t\t\t\t<\/div>\n\t\t\t\t<\/div>\n\t\t<div class=\"elementor-element elementor-element-f10c338 e-flex e-con-boxed wpr-particle-no wpr-jarallax-no wpr-parallax-no wpr-sticky-section-no e-con e-parent\" data-id=\"f10c338\" data-element_type=\"container\" data-e-type=\"container\" data-settings=\"{&quot;background_background&quot;:&quot;classic&quot;}\">\n\t\t\t\t\t<div class=\"e-con-inner\">\n\t\t<div class=\"elementor-element elementor-element-b7d0b79 e-flex e-con-boxed wpr-particle-no wpr-jarallax-no wpr-parallax-no wpr-sticky-section-no e-con e-child\" data-id=\"b7d0b79\" data-element_type=\"container\" data-e-type=\"container\">\n\t\t\t\t\t<div class=\"e-con-inner\">\n\t\t<div class=\"elementor-element elementor-element-cf2d1b1 e-con-full e-flex wpr-particle-no wpr-jarallax-no wpr-parallax-no wpr-sticky-section-no e-con e-child\" data-id=\"cf2d1b1\" data-element_type=\"container\" data-e-type=\"container\">\n\t\t<div class=\"elementor-element elementor-element-5128c85 e-flex e-con-boxed wpr-particle-no wpr-jarallax-no wpr-parallax-no wpr-sticky-section-no elementor-invisible e-con e-child\" data-id=\"5128c85\" data-element_type=\"container\" data-e-type=\"container\" data-settings=\"{&quot;background_background&quot;:&quot;classic&quot;,&quot;animation&quot;:&quot;fadeIn&quot;}\">\n\t\t\t\t\t<div class=\"e-con-inner\">\n\t\t\t\t<div class=\"elementor-element elementor-element-8356b43 elementor-widget elementor-widget-image\" data-id=\"8356b43\" data-element_type=\"widget\" data-e-type=\"widget\" data-widget_type=\"image.default\">\n\t\t\t\t\t\t\t\t\t\t\t\t\t\t\t\t<a href=\"https:\/\/academiapastoralnb.org\/es\/introduccion-al-curso-de-teologia-pastoral-i\/\">\n\t\t\t\t\t\t\t<img fetchpriority=\"high\" decoding=\"async\" width=\"960\" height=\"540\" src=\"https:\/\/academiapastoralnb.org\/wp-content\/uploads\/2025\/08\/teologiapastoral11-1024x576.jpg\" class=\"attachment-large size-large wp-image-5373\" alt=\"\" srcset=\"https:\/\/academiapastoralnb.org\/wp-content\/uploads\/2025\/08\/teologiapastoral11-1024x576.jpg 1024w, https:\/\/academiapastoralnb.org\/wp-content\/uploads\/2025\/08\/teologiapastoral11-300x169.jpg 300w, https:\/\/academiapastoralnb.org\/wp-content\/uploads\/2025\/08\/teologiapastoral11-768x432.jpg 768w, https:\/\/academiapastoralnb.org\/wp-content\/uploads\/2025\/08\/teologiapastoral11-18x10.jpg 18w, https:\/\/academiapastoralnb.org\/wp-content\/uploads\/2025\/08\/teologiapastoral11.jpg 1280w\" sizes=\"(max-width: 960px) 100vw, 960px\" \/>\t\t\t\t\t\t\t\t<\/a>\n\t\t\t\t\t\t\t\t\t\t\t\t\t\t\t<\/div>\n\t\t\t\t<div class=\"elementor-element elementor-element-8ea06eb elementor-widget elementor-widget-heading\" data-id=\"8ea06eb\" data-element_type=\"widget\" data-e-type=\"widget\" data-widget_type=\"heading.default\">\n\t\t\t\t\t<h2 class=\"elementor-heading-title elementor-size-default\"><a href=\"https:\/\/academiapastoralnb.org\/es\/introduccion-al-curso-de-teologia-pastoral-i\/\">Introducci\u00f3n al curso de Teolog\u00eda Pastoral I<\/a><\/h2>\t\t\t\t<\/div>\n\t\t\t\t<div class=\"elementor-element elementor-element-619314d elementor-widget elementor-widget-text-editor\" data-id=\"619314d\" data-element_type=\"widget\" data-e-type=\"widget\" data-widget_type=\"text-editor.default\">\n\t\t\t\t\t\t\t\t\t<p>~ Eugenio Pi\u00f1ero<\/p>\t\t\t\t\t\t\t\t<\/div>\n\t\t\t\t\t<\/div>\n\t\t\t\t<\/div>\n\t\t<div class=\"elementor-element elementor-element-e663641 e-flex e-con-boxed wpr-particle-no wpr-jarallax-no wpr-parallax-no wpr-sticky-section-no elementor-invisible e-con e-child\" data-id=\"e663641\" data-element_type=\"container\" data-e-type=\"container\" data-settings=\"{&quot;background_background&quot;:&quot;classic&quot;,&quot;animation&quot;:&quot;fadeIn&quot;}\">\n\t\t\t\t\t<div class=\"e-con-inner\">\n\t\t\t\t<div class=\"elementor-element elementor-element-86fdbc0 elementor-widget elementor-widget-image\" data-id=\"86fdbc0\" data-element_type=\"widget\" data-e-type=\"widget\" data-widget_type=\"image.default\">\n\t\t\t\t\t\t\t\t\t\t\t\t\t\t\t\t<a href=\"https:\/\/academiapastoralnb.org\/es\/introduccion-al-curso-de-teologia-pastoral-ii\/\">\n\t\t\t\t\t\t\t<img fetchpriority=\"high\" decoding=\"async\" width=\"960\" height=\"540\" src=\"https:\/\/academiapastoralnb.org\/wp-content\/uploads\/2025\/08\/teologiapastoral11-1024x576.jpg\" class=\"attachment-large size-large wp-image-5373\" alt=\"\" srcset=\"https:\/\/academiapastoralnb.org\/wp-content\/uploads\/2025\/08\/teologiapastoral11-1024x576.jpg 1024w, https:\/\/academiapastoralnb.org\/wp-content\/uploads\/2025\/08\/teologiapastoral11-300x169.jpg 300w, https:\/\/academiapastoralnb.org\/wp-content\/uploads\/2025\/08\/teologiapastoral11-768x432.jpg 768w, https:\/\/academiapastoralnb.org\/wp-content\/uploads\/2025\/08\/teologiapastoral11-18x10.jpg 18w, https:\/\/academiapastoralnb.org\/wp-content\/uploads\/2025\/08\/teologiapastoral11.jpg 1280w\" sizes=\"(max-width: 960px) 100vw, 960px\" \/>\t\t\t\t\t\t\t\t<\/a>\n\t\t\t\t\t\t\t\t\t\t\t\t\t\t\t<\/div>\n\t\t\t\t<div class=\"elementor-element elementor-element-2c76e69 elementor-widget elementor-widget-heading\" data-id=\"2c76e69\" data-element_type=\"widget\" data-e-type=\"widget\" data-widget_type=\"heading.default\">\n\t\t\t\t\t<h2 class=\"elementor-heading-title elementor-size-default\"><a href=\"https:\/\/academiapastoralnb.org\/es\/introduccion-al-curso-de-teologia-pastoral-ii\/\">Introducci\u00f3n al curso de Teolog\u00eda Pastoral II<\/a><\/h2>\t\t\t\t<\/div>\n\t\t\t\t<div class=\"elementor-element elementor-element-74bc67b elementor-widget elementor-widget-text-editor\" data-id=\"74bc67b\" data-element_type=\"widget\" data-e-type=\"widget\" data-widget_type=\"text-editor.default\">\n\t\t\t\t\t\t\t\t\t<p>~ Eugenio Pi\u00f1ero<\/p>\t\t\t\t\t\t\t\t<\/div>\n\t\t\t\t\t<\/div>\n\t\t\t\t<\/div>\n\t\t<div class=\"elementor-element elementor-element-724f105 e-con-full e-flex wpr-particle-no wpr-jarallax-no wpr-parallax-no wpr-sticky-section-no elementor-invisible e-con e-child\" data-id=\"724f105\" data-element_type=\"container\" data-e-type=\"container\" data-settings=\"{&quot;background_background&quot;:&quot;classic&quot;,&quot;animation&quot;:&quot;fadeIn&quot;}\">\n\t\t\t\t<div class=\"elementor-element elementor-element-7cf920f elementor-widget elementor-widget-image\" data-id=\"7cf920f\" data-element_type=\"widget\" data-e-type=\"widget\" data-widget_type=\"image.default\">\n\t\t\t\t\t\t\t\t\t\t\t\t\t\t\t\t<a href=\"https:\/\/academiapastoralnb.org\/es\/orientacion-sobre-la-academia-pastoral\/\">\n\t\t\t\t\t\t\t<img fetchpriority=\"high\" decoding=\"async\" width=\"960\" height=\"540\" src=\"https:\/\/academiapastoralnb.org\/wp-content\/uploads\/2025\/08\/teologiapastoral11-1024x576.jpg\" class=\"attachment-large size-large wp-image-5373\" alt=\"\" srcset=\"https:\/\/academiapastoralnb.org\/wp-content\/uploads\/2025\/08\/teologiapastoral11-1024x576.jpg 1024w, https:\/\/academiapastoralnb.org\/wp-content\/uploads\/2025\/08\/teologiapastoral11-300x169.jpg 300w, https:\/\/academiapastoralnb.org\/wp-content\/uploads\/2025\/08\/teologiapastoral11-768x432.jpg 768w, https:\/\/academiapastoralnb.org\/wp-content\/uploads\/2025\/08\/teologiapastoral11-18x10.jpg 18w, https:\/\/academiapastoralnb.org\/wp-content\/uploads\/2025\/08\/teologiapastoral11.jpg 1280w\" sizes=\"(max-width: 960px) 100vw, 960px\" \/>\t\t\t\t\t\t\t\t<\/a>\n\t\t\t\t\t\t\t\t\t\t\t\t\t\t\t<\/div>\n\t\t\t\t<div class=\"elementor-element elementor-element-ec6d03c elementor-widget elementor-widget-heading\" data-id=\"ec6d03c\" data-element_type=\"widget\" data-e-type=\"widget\" data-widget_type=\"heading.default\">\n\t\t\t\t\t<h2 class=\"elementor-heading-title elementor-size-default\"><a href=\"https:\/\/academiapastoralnb.org\/es\/orientacion-sobre-la-academia-pastoral\/\">Orientacion sobre la Academia Pastoral<\/a><\/h2>\t\t\t\t<\/div>\n\t\t\t\t<div class=\"elementor-element elementor-element-31677b4 elementor-widget elementor-widget-text-editor\" data-id=\"31677b4\" data-element_type=\"widget\" data-e-type=\"widget\" data-widget_type=\"text-editor.default\">\n\t\t\t\t\t\t\t\t\t<p>~ Eugenio Pi\u00f1ero<\/p>\t\t\t\t\t\t\t\t<\/div>\n\t\t\t\t<\/div>\n\t\t\t\t<\/div>\n\t\t<div class=\"elementor-element elementor-element-9f141e8 e-con-full e-flex wpr-particle-no wpr-jarallax-no wpr-parallax-no wpr-sticky-section-no e-con e-child\" data-id=\"9f141e8\" data-element_type=\"container\" data-e-type=\"container\">\n\t\t<div class=\"elementor-element elementor-element-5e12dfe e-con-full e-flex wpr-particle-no wpr-jarallax-no wpr-parallax-no wpr-sticky-section-no elementor-invisible e-con e-child\" data-id=\"5e12dfe\" data-element_type=\"container\" data-e-type=\"container\" data-settings=\"{&quot;background_background&quot;:&quot;classic&quot;,&quot;animation&quot;:&quot;fadeIn&quot;}\">\n\t\t\t\t<div class=\"elementor-element elementor-element-1b5263b elementor-widget elementor-widget-image\" data-id=\"1b5263b\" data-element_type=\"widget\" data-e-type=\"widget\" data-widget_type=\"image.default\">\n\t\t\t\t\t\t\t\t\t\t\t\t\t\t\t\t<a href=\"https:\/\/academiapastoralnb.org\/es\/el-llamado-del-hombre-de-dios-i\/\">\n\t\t\t\t\t\t\t<img fetchpriority=\"high\" decoding=\"async\" width=\"960\" height=\"540\" src=\"https:\/\/academiapastoralnb.org\/wp-content\/uploads\/2025\/08\/teologiapastoral11-1024x576.jpg\" class=\"attachment-large size-large wp-image-5373\" alt=\"\" srcset=\"https:\/\/academiapastoralnb.org\/wp-content\/uploads\/2025\/08\/teologiapastoral11-1024x576.jpg 1024w, https:\/\/academiapastoralnb.org\/wp-content\/uploads\/2025\/08\/teologiapastoral11-300x169.jpg 300w, https:\/\/academiapastoralnb.org\/wp-content\/uploads\/2025\/08\/teologiapastoral11-768x432.jpg 768w, https:\/\/academiapastoralnb.org\/wp-content\/uploads\/2025\/08\/teologiapastoral11-18x10.jpg 18w, https:\/\/academiapastoralnb.org\/wp-content\/uploads\/2025\/08\/teologiapastoral11.jpg 1280w\" sizes=\"(max-width: 960px) 100vw, 960px\" \/>\t\t\t\t\t\t\t\t<\/a>\n\t\t\t\t\t\t\t\t\t\t\t\t\t\t\t<\/div>\n\t\t\t\t<div class=\"elementor-element elementor-element-e7a6c14 elementor-widget elementor-widget-heading\" data-id=\"e7a6c14\" data-element_type=\"widget\" data-e-type=\"widget\" data-widget_type=\"heading.default\">\n\t\t\t\t\t<h2 class=\"elementor-heading-title elementor-size-default\"><a href=\"https:\/\/academiapastoralnb.org\/es\/el-llamado-del-hombre-de-dios-i\/\">El llamado del Hombre de Dios I<\/a><\/h2>\t\t\t\t<\/div>\n\t\t\t\t<div class=\"elementor-element elementor-element-145cb5d elementor-widget elementor-widget-text-editor\" data-id=\"145cb5d\" data-element_type=\"widget\" data-e-type=\"widget\" data-widget_type=\"text-editor.default\">\n\t\t\t\t\t\t\t\t\t<p>~ Eugenio Pi\u00f1ero<\/p>\t\t\t\t\t\t\t\t<\/div>\n\t\t\t\t<\/div>\n\t\t<div class=\"elementor-element elementor-element-e350b62 e-flex e-con-boxed wpr-particle-no wpr-jarallax-no wpr-parallax-no wpr-sticky-section-no elementor-invisible e-con e-child\" data-id=\"e350b62\" data-element_type=\"container\" data-e-type=\"container\" data-settings=\"{&quot;background_background&quot;:&quot;classic&quot;,&quot;animation&quot;:&quot;fadeIn&quot;}\">\n\t\t\t\t\t<div class=\"e-con-inner\">\n\t\t\t\t<div class=\"elementor-element elementor-element-78ef6f1 elementor-widget elementor-widget-image\" data-id=\"78ef6f1\" data-element_type=\"widget\" data-e-type=\"widget\" data-widget_type=\"image.default\">\n\t\t\t\t\t\t\t\t\t\t\t\t\t\t\t\t<a href=\"https:\/\/academiapastoralnb.org\/es\/el-llamado-del-hombre-de-dios-ii\/\">\n\t\t\t\t\t\t\t<img fetchpriority=\"high\" decoding=\"async\" width=\"960\" height=\"540\" src=\"https:\/\/academiapastoralnb.org\/wp-content\/uploads\/2025\/08\/teologiapastoral11-1024x576.jpg\" class=\"attachment-large size-large wp-image-5373\" alt=\"\" srcset=\"https:\/\/academiapastoralnb.org\/wp-content\/uploads\/2025\/08\/teologiapastoral11-1024x576.jpg 1024w, https:\/\/academiapastoralnb.org\/wp-content\/uploads\/2025\/08\/teologiapastoral11-300x169.jpg 300w, https:\/\/academiapastoralnb.org\/wp-content\/uploads\/2025\/08\/teologiapastoral11-768x432.jpg 768w, https:\/\/academiapastoralnb.org\/wp-content\/uploads\/2025\/08\/teologiapastoral11-18x10.jpg 18w, https:\/\/academiapastoralnb.org\/wp-content\/uploads\/2025\/08\/teologiapastoral11.jpg 1280w\" sizes=\"(max-width: 960px) 100vw, 960px\" \/>\t\t\t\t\t\t\t\t<\/a>\n\t\t\t\t\t\t\t\t\t\t\t\t\t\t\t<\/div>\n\t\t\t\t<div class=\"elementor-element elementor-element-f7d4aad elementor-widget elementor-widget-heading\" data-id=\"f7d4aad\" data-element_type=\"widget\" data-e-type=\"widget\" data-widget_type=\"heading.default\">\n\t\t\t\t\t<h2 class=\"elementor-heading-title elementor-size-default\"><a href=\"https:\/\/academiapastoralnb.org\/es\/el-llamado-del-hombre-de-dios-ii\/\">El llamado del Hombre de Dios II<\/a><\/h2>\t\t\t\t<\/div>\n\t\t\t\t<div class=\"elementor-element elementor-element-4ee2278 elementor-widget elementor-widget-text-editor\" data-id=\"4ee2278\" data-element_type=\"widget\" data-e-type=\"widget\" data-widget_type=\"text-editor.default\">\n\t\t\t\t\t\t\t\t\t<p>~ Eugenio Pi\u00f1ero<\/p>\t\t\t\t\t\t\t\t<\/div>\n\t\t\t\t\t<\/div>\n\t\t\t\t<\/div>\n\t\t<div class=\"elementor-element elementor-element-bfec7a0 e-flex e-con-boxed wpr-particle-no wpr-jarallax-no wpr-parallax-no wpr-sticky-section-no elementor-invisible e-con e-child\" data-id=\"bfec7a0\" data-element_type=\"container\" data-e-type=\"container\" data-settings=\"{&quot;background_background&quot;:&quot;classic&quot;,&quot;animation&quot;:&quot;fadeIn&quot;}\">\n\t\t\t\t\t<div class=\"e-con-inner\">\n\t\t\t\t\t<\/div>\n\t\t\t\t<\/div>\n\t\t\t\t<\/div>\n\t\t\t\t\t<\/div>\n\t\t\t\t<\/div>\n\t\t\t\t\t<\/div>\n\t\t\t\t<\/div>\n\t\t\t\t<\/div>\n\t\t","protected":false},"excerpt":{"rendered":"<p>Aula Virtual: Teolog\u00eda Pastoral Aula Virtual Teolog\u00eda Pastoral Introducci\u00f3n al curso de Teolog\u00eda Pastoral I ~ Eugenio Pi\u00f1ero Introducci\u00f3n al curso de Teolog\u00eda Pastoral II ~ Eugenio Pi\u00f1ero Orientacion sobre la Academia Pastoral ~ Eugenio Pi\u00f1ero El llamado del Hombre de Dios I ~ Eugenio Pi\u00f1ero El llamado del Hombre de Dios II ~ Eugenio Pi\u00f1ero<\/p>\n","protected":false},"author":1,"featured_media":0,"parent":0,"menu_order":0,"comment_status":"closed","ping_status":"closed","template":"elementor_canvas","meta":{"footnotes":""},"class_list":["post-9308","page","type-page","status-publish","hentry"],"yoast_head":"<!-- This site is optimized with the Yoast SEO plugin v27.3 - https:\/\/yoast.com\/product\/yoast-seo-wordpress\/ -->\n<title>Virtual Classroom: Pastoral Theology - Academia Pastoral de North Bergen<\/title>\n<meta name=\"robots\" content=\"index, follow, max-snippet:-1, max-image-preview:large, max-video-preview:-1\" \/>\n<link rel=\"canonical\" href=\"https:\/\/academiapastoralnb.org\/es\/virtual-classroom-pastoral-theology\/\" \/>\n<meta property=\"og:locale\" content=\"es_ES\" \/>\n<meta property=\"og:type\" content=\"article\" \/>\n<meta property=\"og:title\" content=\"Virtual Classroom: Pastoral Theology - Academia Pastoral de North Bergen\" \/>\n<meta property=\"og:description\" content=\"Aula Virtual: Teolog\u00eda Pastoral Aula Virtual Teolog\u00eda Pastoral Introducci\u00f3n al curso de Teolog\u00eda Pastoral I ~ Eugenio Pi\u00f1ero Introducci\u00f3n al curso de Teolog\u00eda Pastoral II ~ Eugenio Pi\u00f1ero Orientacion sobre la Academia Pastoral ~ Eugenio Pi\u00f1ero El llamado del Hombre de Dios I ~ Eugenio Pi\u00f1ero El llamado del Hombre de Dios II ~ Eugenio Pi\u00f1ero\" \/>\n<meta property=\"og:url\" content=\"https:\/\/academiapastoralnb.org\/es\/virtual-classroom-pastoral-theology\/\" \/>\n<meta property=\"og:site_name\" content=\"Academia Pastoral de North Bergen\" \/>\n<meta property=\"article:modified_time\" content=\"2025-12-16T15:34:24+00:00\" \/>\n<meta property=\"og:image\" content=\"https:\/\/academiapastoralnb.org\/wp-content\/uploads\/2025\/08\/teologiapastoral11.jpg\" \/>\n\t<meta property=\"og:image:width\" content=\"1280\" \/>\n\t<meta property=\"og:image:height\" content=\"720\" \/>\n\t<meta property=\"og:image:type\" content=\"image\/jpeg\" \/>\n<meta name=\"twitter:card\" content=\"summary_large_image\" \/>\n<meta name=\"twitter:label1\" content=\"Tiempo de lectura\" \/>\n\t<meta name=\"twitter:data1\" content=\"2 minutos\" \/>\n<script type=\"application\/ld+json\" class=\"yoast-schema-graph\">{\"@context\":\"https:\\\/\\\/schema.org\",\"@graph\":[{\"@type\":\"WebPage\",\"@id\":\"https:\\\/\\\/academiapastoralnb.org\\\/es\\\/virtual-classroom-pastoral-theology\\\/\",\"url\":\"https:\\\/\\\/academiapastoralnb.org\\\/es\\\/virtual-classroom-pastoral-theology\\\/\",\"name\":\"Virtual Classroom: Pastoral Theology - Academia Pastoral de North Bergen\",\"isPartOf\":{\"@id\":\"https:\\\/\\\/academiapastoralnb.org\\\/#website\"},\"primaryImageOfPage\":{\"@id\":\"https:\\\/\\\/academiapastoralnb.org\\\/es\\\/virtual-classroom-pastoral-theology\\\/#primaryimage\"},\"image\":{\"@id\":\"https:\\\/\\\/academiapastoralnb.org\\\/es\\\/virtual-classroom-pastoral-theology\\\/#primaryimage\"},\"thumbnailUrl\":\"https:\\\/\\\/academiapastoralnb.org\\\/wp-content\\\/uploads\\\/2025\\\/08\\\/teologiapastoral11-1024x576.jpg\",\"datePublished\":\"2025-12-16T15:21:27+00:00\",\"dateModified\":\"2025-12-16T15:34:24+00:00\",\"breadcrumb\":{\"@id\":\"https:\\\/\\\/academiapastoralnb.org\\\/es\\\/virtual-classroom-pastoral-theology\\\/#breadcrumb\"},\"inLanguage\":\"es\",\"potentialAction\":[{\"@type\":\"ReadAction\",\"target\":[\"https:\\\/\\\/academiapastoralnb.org\\\/es\\\/virtual-classroom-pastoral-theology\\\/\"]}]},{\"@type\":\"ImageObject\",\"inLanguage\":\"es\",\"@id\":\"https:\\\/\\\/academiapastoralnb.org\\\/es\\\/virtual-classroom-pastoral-theology\\\/#primaryimage\",\"url\":\"https:\\\/\\\/academiapastoralnb.org\\\/wp-content\\\/uploads\\\/2025\\\/08\\\/teologiapastoral11-1024x576.jpg\",\"contentUrl\":\"https:\\\/\\\/academiapastoralnb.org\\\/wp-content\\\/uploads\\\/2025\\\/08\\\/teologiapastoral11-1024x576.jpg\"},{\"@type\":\"BreadcrumbList\",\"@id\":\"https:\\\/\\\/academiapastoralnb.org\\\/es\\\/virtual-classroom-pastoral-theology\\\/#breadcrumb\",\"itemListElement\":[{\"@type\":\"ListItem\",\"position\":1,\"name\":\"Home\",\"item\":\"https:\\\/\\\/academiapastoralnb.org\\\/\"},{\"@type\":\"ListItem\",\"position\":2,\"name\":\"Virtual Classroom: Pastoral Theology\"}]},{\"@type\":\"WebSite\",\"@id\":\"https:\\\/\\\/academiapastoralnb.org\\\/#website\",\"url\":\"https:\\\/\\\/academiapastoralnb.org\\\/\",\"name\":\"Academia Pastoral de North Bergen\",\"description\":\"Formaci\u00f3n B\u00edblica y Pastoral: para servir a Dios y a su iglesia\",\"potentialAction\":[{\"@type\":\"SearchAction\",\"target\":{\"@type\":\"EntryPoint\",\"urlTemplate\":\"https:\\\/\\\/academiapastoralnb.org\\\/?s={search_term_string}\"},\"query-input\":{\"@type\":\"PropertyValueSpecification\",\"valueRequired\":true,\"valueName\":\"search_term_string\"}}],\"inLanguage\":\"es\"}]}<\/script>\n<!-- \/ Yoast SEO plugin. -->","yoast_head_json":{"title":"Virtual Classroom: Pastoral Theology - Academia Pastoral de North Bergen","robots":{"index":"index","follow":"follow","max-snippet":"max-snippet:-1","max-image-preview":"max-image-preview:large","max-video-preview":"max-video-preview:-1"},"canonical":"https:\/\/academiapastoralnb.org\/es\/virtual-classroom-pastoral-theology\/","og_locale":"es_ES","og_type":"article","og_title":"Virtual Classroom: Pastoral Theology - Academia Pastoral de North Bergen","og_description":"Aula Virtual: Teolog\u00eda Pastoral Aula Virtual Teolog\u00eda Pastoral Introducci\u00f3n al curso de Teolog\u00eda Pastoral I ~ Eugenio Pi\u00f1ero Introducci\u00f3n al curso de Teolog\u00eda Pastoral II ~ Eugenio Pi\u00f1ero Orientacion sobre la Academia Pastoral ~ Eugenio Pi\u00f1ero El llamado del Hombre de Dios I ~ Eugenio Pi\u00f1ero El llamado del Hombre de Dios II ~ Eugenio Pi\u00f1ero","og_url":"https:\/\/academiapastoralnb.org\/es\/virtual-classroom-pastoral-theology\/","og_site_name":"Academia Pastoral de North Bergen","article_modified_time":"2025-12-16T15:34:24+00:00","og_image":[{"width":1280,"height":720,"url":"https:\/\/academiapastoralnb.org\/wp-content\/uploads\/2025\/08\/teologiapastoral11.jpg","type":"image\/jpeg"}],"twitter_card":"summary_large_image","twitter_misc":{"Tiempo de lectura":"2 minutos"},"schema":{"@context":"https:\/\/schema.org","@graph":[{"@type":"WebPage","@id":"https:\/\/academiapastoralnb.org\/es\/virtual-classroom-pastoral-theology\/","url":"https:\/\/academiapastoralnb.org\/es\/virtual-classroom-pastoral-theology\/","name":"Virtual Classroom: Pastoral Theology - Academia Pastoral de North Bergen","isPartOf":{"@id":"https:\/\/academiapastoralnb.org\/#website"},"primaryImageOfPage":{"@id":"https:\/\/academiapastoralnb.org\/es\/virtual-classroom-pastoral-theology\/#primaryimage"},"image":{"@id":"https:\/\/academiapastoralnb.org\/es\/virtual-classroom-pastoral-theology\/#primaryimage"},"thumbnailUrl":"https:\/\/academiapastoralnb.org\/wp-content\/uploads\/2025\/08\/teologiapastoral11-1024x576.jpg","datePublished":"2025-12-16T15:21:27+00:00","dateModified":"2025-12-16T15:34:24+00:00","breadcrumb":{"@id":"https:\/\/academiapastoralnb.org\/es\/virtual-classroom-pastoral-theology\/#breadcrumb"},"inLanguage":"es","potentialAction":[{"@type":"ReadAction","target":["https:\/\/academiapastoralnb.org\/es\/virtual-classroom-pastoral-theology\/"]}]},{"@type":"ImageObject","inLanguage":"es","@id":"https:\/\/academiapastoralnb.org\/es\/virtual-classroom-pastoral-theology\/#primaryimage","url":"https:\/\/academiapastoralnb.org\/wp-content\/uploads\/2025\/08\/teologiapastoral11-1024x576.jpg","contentUrl":"https:\/\/academiapastoralnb.org\/wp-content\/uploads\/2025\/08\/teologiapastoral11-1024x576.jpg"},{"@type":"BreadcrumbList","@id":"https:\/\/academiapastoralnb.org\/es\/virtual-classroom-pastoral-theology\/#breadcrumb","itemListElement":[{"@type":"ListItem","position":1,"name":"Home","item":"https:\/\/academiapastoralnb.org\/"},{"@type":"ListItem","position":2,"name":"Virtual Classroom: Pastoral Theology"}]},{"@type":"WebSite","@id":"https:\/\/academiapastoralnb.org\/#website","url":"https:\/\/academiapastoralnb.org\/","name":"Academia Pastoral de North Bergen","description":"Formaci\u00f3n B\u00edblica y Pastoral: para servir a Dios y a su iglesia","potentialAction":[{"@type":"SearchAction","target":{"@type":"EntryPoint","urlTemplate":"https:\/\/academiapastoralnb.org\/?s={search_term_string}"},"query-input":{"@type":"PropertyValueSpecification","valueRequired":true,"valueName":"search_term_string"}}],"inLanguage":"es"}]}},"_links":{"self":[{"href":"https:\/\/academiapastoralnb.org\/es\/wp-json\/wp\/v2\/pages\/9308","targetHints":{"allow":["GET"]}}],"collection":[{"href":"https:\/\/academiapastoralnb.org\/es\/wp-json\/wp\/v2\/pages"}],"about":[{"href":"https:\/\/academiapastoralnb.org\/es\/wp-json\/wp\/v2\/types\/page"}],"author":[{"embeddable":true,"href":"https:\/\/academiapastoralnb.org\/es\/wp-json\/wp\/v2\/users\/1"}],"replies":[{"embeddable":true,"href":"https:\/\/academiapastoralnb.org\/es\/wp-json\/wp\/v2\/comments?post=9308"}],"version-history":[{"count":7,"href":"https:\/\/academiapastoralnb.org\/es\/wp-json\/wp\/v2\/pages\/9308\/revisions"}],"predecessor-version":[{"id":9325,"href":"https:\/\/academiapastoralnb.org\/es\/wp-json\/wp\/v2\/pages\/9308\/revisions\/9325"}],"wp:attachment":[{"href":"https:\/\/academiapastoralnb.org\/es\/wp-json\/wp\/v2\/media?parent=9308"}],"curies":[{"name":"wp","href":"https:\/\/api.w.org\/{rel}","templated":true}]}}