{"id":8615,"date":"2025-12-10T21:30:56","date_gmt":"2025-12-10T21:30:56","guid":{"rendered":"https:\/\/academiapastoralnb.org\/?page_id=8615"},"modified":"2025-12-17T17:30:35","modified_gmt":"2025-12-17T17:30:35","slug":"podcast-academia-pastoral","status":"publish","type":"page","link":"https:\/\/academiapastoralnb.org\/en\/podcast-academia-pastoral\/","title":{"rendered":"Pastoral Academy Podcast"},"content":{"rendered":"<div data-elementor-type=\"wp-page\" data-elementor-id=\"8615\" class=\"elementor elementor-8615\">\n\t\t\t\t<div class=\"elementor-element elementor-element-571b50ab e-flex e-con-boxed wpr-particle-no wpr-jarallax-no wpr-parallax-no wpr-sticky-section-no wpr-equal-height-no e-con e-parent\" data-id=\"571b50ab\" data-element_type=\"container\" data-e-type=\"container\" data-settings=\"{&quot;background_background&quot;:&quot;classic&quot;}\">\n\t\t\t\t\t<div class=\"e-con-inner\">\n\t\t<div class=\"elementor-element elementor-element-17d11fc5 e-flex e-con-boxed wpr-particle-no wpr-jarallax-no wpr-parallax-no wpr-sticky-section-no wpr-equal-height-no e-con e-child\" data-id=\"17d11fc5\" data-element_type=\"container\" data-e-type=\"container\">\n\t\t\t\t\t<div class=\"e-con-inner\">\n\t\t\t\t<div class=\"elementor-element elementor-element-330cde1b elementor-widget elementor-widget-heading\" data-id=\"330cde1b\" data-element_type=\"widget\" data-e-type=\"widget\" data-widget_type=\"heading.default\">\n\t\t\t\t\t<h2 class=\"elementor-heading-title elementor-size-default\">Pastoral Academy Podcast\n\n<\/h2>\t\t\t\t<\/div>\n\t\t\t\t<div class=\"elementor-element elementor-element-0d03057 elementor-icon-list--layout-inline elementor-list-item-link-full_width elementor-widget elementor-widget-icon-list\" data-id=\"0d03057\" data-element_type=\"widget\" data-e-type=\"widget\" data-widget_type=\"icon-list.default\">\n\t\t\t\t\t\t\t<ul class=\"elementor-icon-list-items elementor-inline-items\">\n\t\t\t\t\t\t\t<li class=\"elementor-icon-list-item elementor-inline-item\">\n\t\t\t\t\t\t\t\t\t\t\t<a href=\"https:\/\/academiapastoralnb.org\/en\/blog\/\">\n\n\t\t\t\t\t\t\t\t\t\t\t\t<span class=\"elementor-icon-list-icon\">\n\t\t\t\t\t\t\t<svg aria-hidden=\"true\" class=\"e-font-icon-svg e-fas-book\" viewbox=\"0 0 448 512\" xmlns=\"http:\/\/www.w3.org\/2000\/svg\"><path d=\"M448 360V24c0-13.3-10.7-24-24-24H96C43 0 0 43 0 96v320c0 53 43 96 96 96h328c13.3 0 24-10.7 24-24v-16c0-7.5-3.5-14.3-8.9-18.7-4.2-15.4-4.2-59.3 0-74.7 5.4-4.3 8.9-11.1 8.9-18.6zM128 134c0-3.3 2.7-6 6-6h212c3.3 0 6 2.7 6 6v20c0 3.3-2.7 6-6 6H134c-3.3 0-6-2.7-6-6v-20zm0 64c0-3.3 2.7-6 6-6h212c3.3 0 6 2.7 6 6v20c0 3.3-2.7 6-6 6H134c-3.3 0-6-2.7-6-6v-20zm253.4 250H96c-17.7 0-32-14.3-32-32 0-17.6 14.4-32 32-32h285.4c-1.9 17.1-1.9 46.9 0 64z\"><\/path><\/svg>\t\t\t\t\t\t<\/span>\n\t\t\t\t\t\t\t\t\t\t<span class=\"elementor-icon-list-text\">Blog<\/span>\n\t\t\t\t\t\t\t\t\t\t\t<\/a>\n\t\t\t\t\t\t\t\t\t<\/li>\n\t\t\t\t\t\t\t\t<li class=\"elementor-icon-list-item elementor-inline-item\">\n\t\t\t\t\t\t\t\t\t\t\t<span class=\"elementor-icon-list-icon\">\n\t\t\t\t\t\t\t<svg aria-hidden=\"true\" class=\"e-font-icon-svg e-fas-chevron-circle-right\" viewbox=\"0 0 512 512\" xmlns=\"http:\/\/www.w3.org\/2000\/svg\"><path d=\"M256 8c137 0 248 111 248 248S393 504 256 504 8 393 8 256 119 8 256 8zm113.9 231L234.4 103.5c-9.4-9.4-24.6-9.4-33.9 0l-17 17c-9.4 9.4-9.4 24.6 0 33.9L285.1 256 183.5 357.6c-9.4 9.4-9.4 24.6 0 33.9l17 17c9.4 9.4 24.6 9.4 33.9 0L369.9 273c9.4-9.4 9.4-24.6 0-34z\"><\/path><\/svg>\t\t\t\t\t\t<\/span>\n\t\t\t\t\t\t\t\t\t\t<span class=\"elementor-icon-list-text\">Entrevistas<\/span>\n\t\t\t\t\t\t\t\t\t<\/li>\n\t\t\t\t\t\t<\/ul>\n\t\t\t\t\t\t<\/div>\n\t\t\t\t\t<\/div>\n\t\t\t\t<\/div>\n\t\t\t\t\t<\/div>\n\t\t\t\t<\/div>\n\t\t<div class=\"elementor-element elementor-element-735f8402 e-flex e-con-boxed wpr-particle-no wpr-jarallax-no wpr-parallax-no wpr-sticky-section-no wpr-equal-height-no e-con e-parent\" data-id=\"735f8402\" data-element_type=\"container\" data-e-type=\"container\" data-settings=\"{&quot;background_background&quot;:&quot;classic&quot;}\">\n\t\t\t\t\t<div class=\"e-con-inner\">\n\t\t<div class=\"elementor-element elementor-element-76a09f44 e-flex e-con-boxed wpr-particle-no wpr-jarallax-no wpr-parallax-no wpr-sticky-section-no wpr-equal-height-no e-con e-child\" data-id=\"76a09f44\" data-element_type=\"container\" data-e-type=\"container\">\n\t\t\t\t\t<div class=\"e-con-inner\">\n\t\t<div class=\"elementor-element elementor-element-50f734e7 e-con-full e-flex wpr-particle-no wpr-jarallax-no wpr-parallax-no wpr-sticky-section-no wpr-equal-height-no e-con e-child\" data-id=\"50f734e7\" data-element_type=\"container\" data-e-type=\"container\">\n\t\t<div class=\"elementor-element elementor-element-28f63cfe e-flex e-con-boxed wpr-particle-no wpr-jarallax-no wpr-parallax-no wpr-sticky-section-no wpr-equal-height-no elementor-invisible e-con e-child\" data-id=\"28f63cfe\" data-element_type=\"container\" data-e-type=\"container\" data-settings=\"{&quot;background_background&quot;:&quot;classic&quot;,&quot;animation&quot;:&quot;fadeIn&quot;}\">\n\t\t\t\t\t<div class=\"e-con-inner\">\n\t\t\t\t<div class=\"elementor-element elementor-element-86d2bd6 elementor-widget elementor-widget-image\" data-id=\"86d2bd6\" data-element_type=\"widget\" data-e-type=\"widget\" data-widget_type=\"image.default\">\n\t\t\t\t\t\t\t\t\t\t\t\t\t\t\t\t<a href=\"https:\/\/academiapastoralnb.org\/en\/entrevista-pr-bonifacio-lozano\/\">\n\t\t\t\t\t\t\t<img fetchpriority=\"high\" decoding=\"async\" width=\"960\" height=\"540\" src=\"https:\/\/academiapastoralnb.org\/wp-content\/uploads\/2025\/12\/entrevista_bonilozano-1024x576.jpg\" class=\"attachment-large size-large wp-image-8453\" alt=\"\" srcset=\"https:\/\/academiapastoralnb.org\/wp-content\/uploads\/2025\/12\/entrevista_bonilozano-1024x576.jpg 1024w, https:\/\/academiapastoralnb.org\/wp-content\/uploads\/2025\/12\/entrevista_bonilozano-300x169.jpg 300w, https:\/\/academiapastoralnb.org\/wp-content\/uploads\/2025\/12\/entrevista_bonilozano-768x432.jpg 768w, https:\/\/academiapastoralnb.org\/wp-content\/uploads\/2025\/12\/entrevista_bonilozano-18x10.jpg 18w, https:\/\/academiapastoralnb.org\/wp-content\/uploads\/2025\/12\/entrevista_bonilozano.jpg 1280w\" sizes=\"(max-width: 960px) 100vw, 960px\" \/>\t\t\t\t\t\t\t\t<\/a>\n\t\t\t\t\t\t\t\t\t\t\t\t\t\t\t<\/div>\n\t\t<div class=\"elementor-element elementor-element-0c7bb1b e-grid e-con-full wpr-particle-no wpr-jarallax-no wpr-parallax-no wpr-sticky-section-no wpr-equal-height-no e-con e-child\" data-id=\"0c7bb1b\" data-element_type=\"container\" data-e-type=\"container\">\n\t\t\t\t<div class=\"elementor-element elementor-element-439f4de elementor-align-right elementor-widget elementor-widget-button\" data-id=\"439f4de\" data-element_type=\"widget\" data-e-type=\"widget\" data-widget_type=\"button.default\">\n\t\t\t\t\t\t\t\t\t\t<a class=\"elementor-button elementor-button-link elementor-size-sm\" href=\"https:\/\/academiapastoralnb.org\/en\/entrevista-pr-bonifacio-lozano\/\">\n\t\t\t\t\t\t<span class=\"elementor-button-content-wrapper\">\n\t\t\t\t\t\t\t\t\t<span class=\"elementor-button-text\">Spanish<\/span>\n\t\t\t\t\t<\/span>\n\t\t\t\t\t<\/a>\n\t\t\t\t\t\t\t\t<\/div>\n\t\t\t\t<div class=\"elementor-element elementor-element-304fb8f elementor-align-left elementor-widget elementor-widget-button\" data-id=\"304fb8f\" data-element_type=\"widget\" data-e-type=\"widget\" data-widget_type=\"button.default\">\n\t\t\t\t\t\t\t\t\t\t<a class=\"elementor-button elementor-button-link elementor-size-sm\" href=\"https:\/\/academiapastoralnb.org\/en\/interview-rev-bonifacio-lozano\/\">\n\t\t\t\t\t\t<span class=\"elementor-button-content-wrapper\">\n\t\t\t\t\t\t\t\t\t<span class=\"elementor-button-text\">English<\/span>\n\t\t\t\t\t<\/span>\n\t\t\t\t\t<\/a>\n\t\t\t\t\t\t\t\t<\/div>\n\t\t\t\t<\/div>\n\t\t\t\t<div class=\"elementor-element elementor-element-54d5d84 elementor-widget elementor-widget-heading\" data-id=\"54d5d84\" data-element_type=\"widget\" data-e-type=\"widget\" data-widget_type=\"heading.default\">\n\t\t\t\t\t<h2 class=\"elementor-heading-title elementor-size-default\"><a href=\"https:\/\/academiapastoralnb.org\/en\/entrevista-pr-bonifacio-lozano\/\">Interview: Pr. Bonifacio Lozano\n<\/a><\/h2>\t\t\t\t<\/div>\n\t\t\t\t<div class=\"elementor-element elementor-element-5c2b09ea elementor-widget elementor-widget-text-editor\" data-id=\"5c2b09ea\" data-element_type=\"widget\" data-e-type=\"widget\" data-widget_type=\"text-editor.default\">\n\t\t\t\t\t\t\t\t\t<p>~ Interviews<\/p>\t\t\t\t\t\t\t\t<\/div>\n\t\t\t\t\t<\/div>\n\t\t\t\t<\/div>\n\t\t<div class=\"elementor-element elementor-element-35375232 e-flex e-con-boxed wpr-particle-no wpr-jarallax-no wpr-parallax-no wpr-sticky-section-no wpr-equal-height-no elementor-invisible e-con e-child\" data-id=\"35375232\" data-element_type=\"container\" data-e-type=\"container\" data-settings=\"{&quot;background_background&quot;:&quot;classic&quot;,&quot;animation&quot;:&quot;fadeIn&quot;}\">\n\t\t\t\t\t<div class=\"e-con-inner\">\n\t\t\t\t<div class=\"elementor-element elementor-element-a09f82c elementor-widget elementor-widget-image\" data-id=\"a09f82c\" data-element_type=\"widget\" data-e-type=\"widget\" data-widget_type=\"image.default\">\n\t\t\t\t\t\t\t\t\t\t\t\t\t\t\t\t<a href=\"https:\/\/academiapastoralnb.org\/en\/entrevista-pr-jose-antonio-arias\/\">\n\t\t\t\t\t\t\t<img decoding=\"async\" width=\"686\" height=\"386\" src=\"https:\/\/academiapastoralnb.org\/wp-content\/uploads\/2025\/12\/entrevista_josearias.jpg\" class=\"attachment-large size-large wp-image-8460\" alt=\"\" srcset=\"https:\/\/academiapastoralnb.org\/wp-content\/uploads\/2025\/12\/entrevista_josearias.jpg 686w, https:\/\/academiapastoralnb.org\/wp-content\/uploads\/2025\/12\/entrevista_josearias-300x169.jpg 300w, https:\/\/academiapastoralnb.org\/wp-content\/uploads\/2025\/12\/entrevista_josearias-18x10.jpg 18w\" sizes=\"(max-width: 686px) 100vw, 686px\" \/>\t\t\t\t\t\t\t\t<\/a>\n\t\t\t\t\t\t\t\t\t\t\t\t\t\t\t<\/div>\n\t\t<div class=\"elementor-element elementor-element-1ec5856 e-grid e-con-full wpr-particle-no wpr-jarallax-no wpr-parallax-no wpr-sticky-section-no wpr-equal-height-no e-con e-child\" data-id=\"1ec5856\" data-element_type=\"container\" data-e-type=\"container\">\n\t\t\t\t<div class=\"elementor-element elementor-element-57a9f14 elementor-align-right elementor-widget elementor-widget-button\" data-id=\"57a9f14\" data-element_type=\"widget\" data-e-type=\"widget\" data-widget_type=\"button.default\">\n\t\t\t\t\t\t\t\t\t\t<a class=\"elementor-button elementor-button-link elementor-size-sm\" href=\"https:\/\/academiapastoralnb.org\/en\/entrevista-pr-jose-antonio-arias\/\">\n\t\t\t\t\t\t<span class=\"elementor-button-content-wrapper\">\n\t\t\t\t\t\t\t\t\t<span class=\"elementor-button-text\">Spanish<\/span>\n\t\t\t\t\t<\/span>\n\t\t\t\t\t<\/a>\n\t\t\t\t\t\t\t\t<\/div>\n\t\t\t\t<div class=\"elementor-element elementor-element-b9daebe elementor-align-left elementor-widget elementor-widget-button\" data-id=\"b9daebe\" data-element_type=\"widget\" data-e-type=\"widget\" data-widget_type=\"button.default\">\n\t\t\t\t\t\t\t\t\t\t<a class=\"elementor-button elementor-button-link elementor-size-sm\" href=\"https:\/\/academiapastoralnb.org\/en\/interview-rev-jose-antonio-arias\/\">\n\t\t\t\t\t\t<span class=\"elementor-button-content-wrapper\">\n\t\t\t\t\t\t\t\t\t<span class=\"elementor-button-text\">English<\/span>\n\t\t\t\t\t<\/span>\n\t\t\t\t\t<\/a>\n\t\t\t\t\t\t\t\t<\/div>\n\t\t\t\t<\/div>\n\t\t\t\t<div class=\"elementor-element elementor-element-259d2f0 elementor-widget elementor-widget-heading\" data-id=\"259d2f0\" data-element_type=\"widget\" data-e-type=\"widget\" data-widget_type=\"heading.default\">\n\t\t\t\t\t<h2 class=\"elementor-heading-title elementor-size-default\"><a href=\"https:\/\/academiapastoralnb.org\/en\/entrevista-pr-jose-antonio-arias\/\">Interview: Pr. Jos\u00e9 Antonio Arias\n<\/a><\/h2>\t\t\t\t<\/div>\n\t\t\t\t<div class=\"elementor-element elementor-element-5d312cb7 elementor-widget elementor-widget-text-editor\" data-id=\"5d312cb7\" data-element_type=\"widget\" data-e-type=\"widget\" data-widget_type=\"text-editor.default\">\n\t\t\t\t\t\t\t\t\t<p>~ Interviews<\/p>\t\t\t\t\t\t\t\t<\/div>\n\t\t\t\t\t<\/div>\n\t\t\t\t<\/div>\n\t\t<div class=\"elementor-element elementor-element-12040758 e-flex e-con-boxed wpr-particle-no wpr-jarallax-no wpr-parallax-no wpr-sticky-section-no wpr-equal-height-no elementor-invisible e-con e-child\" data-id=\"12040758\" data-element_type=\"container\" data-e-type=\"container\" data-settings=\"{&quot;background_background&quot;:&quot;classic&quot;,&quot;animation&quot;:&quot;fadeIn&quot;}\">\n\t\t\t\t\t<div class=\"e-con-inner\">\n\t\t\t\t<div class=\"elementor-element elementor-element-d20afb9 elementor-widget elementor-widget-image\" data-id=\"d20afb9\" data-element_type=\"widget\" data-e-type=\"widget\" data-widget_type=\"image.default\">\n\t\t\t\t\t\t\t\t\t\t\t\t\t\t\t\t<a href=\"https:\/\/academiapastoralnb.org\/en\/entrevista-pr-juan-pablo-cruz\/\">\n\t\t\t\t\t\t\t<img decoding=\"async\" width=\"960\" height=\"540\" src=\"https:\/\/academiapastoralnb.org\/wp-content\/uploads\/2025\/12\/entrevista_jpcruz-1024x576.jpg\" class=\"attachment-large size-large wp-image-8464\" alt=\"\" srcset=\"https:\/\/academiapastoralnb.org\/wp-content\/uploads\/2025\/12\/entrevista_jpcruz-1024x576.jpg 1024w, https:\/\/academiapastoralnb.org\/wp-content\/uploads\/2025\/12\/entrevista_jpcruz-300x169.jpg 300w, https:\/\/academiapastoralnb.org\/wp-content\/uploads\/2025\/12\/entrevista_jpcruz-768x432.jpg 768w, https:\/\/academiapastoralnb.org\/wp-content\/uploads\/2025\/12\/entrevista_jpcruz-18x10.jpg 18w, https:\/\/academiapastoralnb.org\/wp-content\/uploads\/2025\/12\/entrevista_jpcruz.jpg 1280w\" sizes=\"(max-width: 960px) 100vw, 960px\" \/>\t\t\t\t\t\t\t\t<\/a>\n\t\t\t\t\t\t\t\t\t\t\t\t\t\t\t<\/div>\n\t\t<div class=\"elementor-element elementor-element-0b7f1e9 e-grid e-con-full wpr-particle-no wpr-jarallax-no wpr-parallax-no wpr-sticky-section-no wpr-equal-height-no e-con e-child\" data-id=\"0b7f1e9\" data-element_type=\"container\" data-e-type=\"container\">\n\t\t\t\t<div class=\"elementor-element elementor-element-d30d2d9 elementor-align-right elementor-widget elementor-widget-button\" data-id=\"d30d2d9\" data-element_type=\"widget\" data-e-type=\"widget\" data-widget_type=\"button.default\">\n\t\t\t\t\t\t\t\t\t\t<a class=\"elementor-button elementor-button-link elementor-size-sm\" href=\"https:\/\/academiapastoralnb.org\/en\/entrevista-pr-juan-pablo-cruz\/\">\n\t\t\t\t\t\t<span class=\"elementor-button-content-wrapper\">\n\t\t\t\t\t\t\t\t\t<span class=\"elementor-button-text\">Spanish<\/span>\n\t\t\t\t\t<\/span>\n\t\t\t\t\t<\/a>\n\t\t\t\t\t\t\t\t<\/div>\n\t\t\t\t<div class=\"elementor-element elementor-element-1df9078 elementor-align-left elementor-widget elementor-widget-button\" data-id=\"1df9078\" data-element_type=\"widget\" data-e-type=\"widget\" data-widget_type=\"button.default\">\n\t\t\t\t\t\t\t\t\t\t<a class=\"elementor-button elementor-button-link elementor-size-sm\" href=\"https:\/\/academiapastoralnb.org\/en\/interview-rev-juan-pablo-cruz\/\">\n\t\t\t\t\t\t<span class=\"elementor-button-content-wrapper\">\n\t\t\t\t\t\t\t\t\t<span class=\"elementor-button-text\">English<\/span>\n\t\t\t\t\t<\/span>\n\t\t\t\t\t<\/a>\n\t\t\t\t\t\t\t\t<\/div>\n\t\t\t\t<\/div>\n\t\t\t\t<div class=\"elementor-element elementor-element-be16a4c elementor-widget elementor-widget-heading\" data-id=\"be16a4c\" data-element_type=\"widget\" data-e-type=\"widget\" data-widget_type=\"heading.default\">\n\t\t\t\t\t<h2 class=\"elementor-heading-title elementor-size-default\"><a href=\"https:\/\/academiapastoralnb.org\/en\/entrevista-pr-juan-pablo-cruz\/\">Interview: Pr. Juan Pablo Cruz<\/a><\/h2>\t\t\t\t<\/div>\n\t\t\t\t<div class=\"elementor-element elementor-element-27f5e0e9 elementor-widget elementor-widget-text-editor\" data-id=\"27f5e0e9\" data-element_type=\"widget\" data-e-type=\"widget\" data-widget_type=\"text-editor.default\">\n\t\t\t\t\t\t\t\t\t<p>~ Interviews<\/p>\t\t\t\t\t\t\t\t<\/div>\n\t\t\t\t\t<\/div>\n\t\t\t\t<\/div>\n\t\t\t\t<\/div>\n\t\t\t\t\t<\/div>\n\t\t\t\t<\/div>\n\t\t\t\t\t<\/div>\n\t\t\t\t<\/div>\n\t\t\t\t<\/div>","protected":false},"excerpt":{"rendered":"<p>Podcast Academia Pastoral Blog Entrevistas Espa\u00f1ol Ingl\u00e9s Entrevista: Pr. Bonifacio Lozano ~ Entrevistas Espa\u00f1ol Ingl\u00e9s Entrevista: Pr. Jos\u00e9 Antonio Arias ~ Entrevistas Espa\u00f1ol Ingl\u00e9s Entrevista: Pr. Juan Pablo Cruz ~ Entrevistas<\/p>","protected":false},"author":1,"featured_media":0,"parent":0,"menu_order":0,"comment_status":"closed","ping_status":"closed","template":"elementor_canvas","meta":{"footnotes":""},"class_list":["post-8615","page","type-page","status-publish","hentry"],"yoast_head":"<!-- This site is optimized with the Yoast SEO plugin v27.5 - https:\/\/yoast.com\/product\/yoast-seo-wordpress\/ -->\n<title>Podcast Academia Pastoral - Academia Pastoral de North Bergen<\/title>\n<meta name=\"robots\" content=\"index, follow, max-snippet:-1, max-image-preview:large, max-video-preview:-1\" \/>\n<link rel=\"canonical\" href=\"https:\/\/academiapastoralnb.org\/en\/podcast-academia-pastoral\/\" \/>\n<meta property=\"og:locale\" content=\"en_US\" \/>\n<meta property=\"og:type\" content=\"article\" \/>\n<meta property=\"og:title\" content=\"Podcast Academia Pastoral - Academia Pastoral de North Bergen\" \/>\n<meta property=\"og:description\" content=\"Podcast Academia Pastoral Blog Entrevistas Espa\u00f1ol Ingl\u00e9s Entrevista: Pr. Bonifacio Lozano ~ Entrevistas Espa\u00f1ol Ingl\u00e9s Entrevista: Pr. Jos\u00e9 Antonio Arias ~ Entrevistas Espa\u00f1ol Ingl\u00e9s Entrevista: Pr. Juan Pablo Cruz ~ Entrevistas\" \/>\n<meta property=\"og:url\" content=\"https:\/\/academiapastoralnb.org\/en\/podcast-academia-pastoral\/\" \/>\n<meta property=\"og:site_name\" content=\"Academia Pastoral de North Bergen\" \/>\n<meta property=\"article:modified_time\" content=\"2025-12-17T17:30:35+00:00\" \/>\n<meta property=\"og:image\" content=\"https:\/\/academiapastoralnb.org\/wp-content\/uploads\/2025\/12\/entrevista_bonilozano-1024x576.jpg\" \/>\n<meta name=\"twitter:card\" content=\"summary_large_image\" \/>\n<meta name=\"twitter:label1\" content=\"Est. reading time\" \/>\n\t<meta name=\"twitter:data1\" content=\"1 minute\" \/>\n<script type=\"application\/ld+json\" class=\"yoast-schema-graph\">{\"@context\":\"https:\\\/\\\/schema.org\",\"@graph\":[{\"@type\":\"WebPage\",\"@id\":\"https:\\\/\\\/academiapastoralnb.org\\\/podcast-academia-pastoral\\\/\",\"url\":\"https:\\\/\\\/academiapastoralnb.org\\\/podcast-academia-pastoral\\\/\",\"name\":\"Podcast Academia Pastoral - Academia Pastoral de North Bergen\",\"isPartOf\":{\"@id\":\"https:\\\/\\\/academiapastoralnb.org\\\/#website\"},\"primaryImageOfPage\":{\"@id\":\"https:\\\/\\\/academiapastoralnb.org\\\/podcast-academia-pastoral\\\/#primaryimage\"},\"image\":{\"@id\":\"https:\\\/\\\/academiapastoralnb.org\\\/podcast-academia-pastoral\\\/#primaryimage\"},\"thumbnailUrl\":\"https:\\\/\\\/academiapastoralnb.org\\\/wp-content\\\/uploads\\\/2025\\\/12\\\/entrevista_bonilozano-1024x576.jpg\",\"datePublished\":\"2025-12-10T21:30:56+00:00\",\"dateModified\":\"2025-12-17T17:30:35+00:00\",\"breadcrumb\":{\"@id\":\"https:\\\/\\\/academiapastoralnb.org\\\/podcast-academia-pastoral\\\/#breadcrumb\"},\"inLanguage\":\"en-US\",\"potentialAction\":[{\"@type\":\"ReadAction\",\"target\":[\"https:\\\/\\\/academiapastoralnb.org\\\/podcast-academia-pastoral\\\/\"]}]},{\"@type\":\"ImageObject\",\"inLanguage\":\"en-US\",\"@id\":\"https:\\\/\\\/academiapastoralnb.org\\\/podcast-academia-pastoral\\\/#primaryimage\",\"url\":\"https:\\\/\\\/academiapastoralnb.org\\\/wp-content\\\/uploads\\\/2025\\\/12\\\/entrevista_bonilozano-1024x576.jpg\",\"contentUrl\":\"https:\\\/\\\/academiapastoralnb.org\\\/wp-content\\\/uploads\\\/2025\\\/12\\\/entrevista_bonilozano-1024x576.jpg\"},{\"@type\":\"BreadcrumbList\",\"@id\":\"https:\\\/\\\/academiapastoralnb.org\\\/podcast-academia-pastoral\\\/#breadcrumb\",\"itemListElement\":[{\"@type\":\"ListItem\",\"position\":1,\"name\":\"Home\",\"item\":\"https:\\\/\\\/academiapastoralnb.org\\\/\"},{\"@type\":\"ListItem\",\"position\":2,\"name\":\"Podcast Academia Pastoral\"}]},{\"@type\":\"WebSite\",\"@id\":\"https:\\\/\\\/academiapastoralnb.org\\\/#website\",\"url\":\"https:\\\/\\\/academiapastoralnb.org\\\/\",\"name\":\"Academia Pastoral de North Bergen\",\"description\":\"Formaci\u00f3n B\u00edblica y Pastoral: para servir a Dios y a su iglesia\",\"potentialAction\":[{\"@type\":\"SearchAction\",\"target\":{\"@type\":\"EntryPoint\",\"urlTemplate\":\"https:\\\/\\\/academiapastoralnb.org\\\/?s={search_term_string}\"},\"query-input\":{\"@type\":\"PropertyValueSpecification\",\"valueRequired\":true,\"valueName\":\"search_term_string\"}}],\"inLanguage\":\"en-US\"}]}<\/script>\n<!-- \/ Yoast SEO plugin. -->","yoast_head_json":{"title":"Podcast Academia Pastoral - Academia Pastoral de North Bergen","robots":{"index":"index","follow":"follow","max-snippet":"max-snippet:-1","max-image-preview":"max-image-preview:large","max-video-preview":"max-video-preview:-1"},"canonical":"https:\/\/academiapastoralnb.org\/en\/podcast-academia-pastoral\/","og_locale":"en_US","og_type":"article","og_title":"Podcast Academia Pastoral - Academia Pastoral de North Bergen","og_description":"Podcast Academia Pastoral Blog Entrevistas Espa\u00f1ol Ingl\u00e9s Entrevista: Pr. Bonifacio Lozano ~ Entrevistas Espa\u00f1ol Ingl\u00e9s Entrevista: Pr. Jos\u00e9 Antonio Arias ~ Entrevistas Espa\u00f1ol Ingl\u00e9s Entrevista: Pr. Juan Pablo Cruz ~ Entrevistas","og_url":"https:\/\/academiapastoralnb.org\/en\/podcast-academia-pastoral\/","og_site_name":"Academia Pastoral de North Bergen","article_modified_time":"2025-12-17T17:30:35+00:00","og_image":[{"url":"https:\/\/academiapastoralnb.org\/wp-content\/uploads\/2025\/12\/entrevista_bonilozano-1024x576.jpg","type":"","width":"","height":""}],"twitter_card":"summary_large_image","twitter_misc":{"Est. reading time":"1 minute"},"schema":{"@context":"https:\/\/schema.org","@graph":[{"@type":"WebPage","@id":"https:\/\/academiapastoralnb.org\/podcast-academia-pastoral\/","url":"https:\/\/academiapastoralnb.org\/podcast-academia-pastoral\/","name":"Podcast Academia Pastoral - Academia Pastoral de North Bergen","isPartOf":{"@id":"https:\/\/academiapastoralnb.org\/#website"},"primaryImageOfPage":{"@id":"https:\/\/academiapastoralnb.org\/podcast-academia-pastoral\/#primaryimage"},"image":{"@id":"https:\/\/academiapastoralnb.org\/podcast-academia-pastoral\/#primaryimage"},"thumbnailUrl":"https:\/\/academiapastoralnb.org\/wp-content\/uploads\/2025\/12\/entrevista_bonilozano-1024x576.jpg","datePublished":"2025-12-10T21:30:56+00:00","dateModified":"2025-12-17T17:30:35+00:00","breadcrumb":{"@id":"https:\/\/academiapastoralnb.org\/podcast-academia-pastoral\/#breadcrumb"},"inLanguage":"en-US","potentialAction":[{"@type":"ReadAction","target":["https:\/\/academiapastoralnb.org\/podcast-academia-pastoral\/"]}]},{"@type":"ImageObject","inLanguage":"en-US","@id":"https:\/\/academiapastoralnb.org\/podcast-academia-pastoral\/#primaryimage","url":"https:\/\/academiapastoralnb.org\/wp-content\/uploads\/2025\/12\/entrevista_bonilozano-1024x576.jpg","contentUrl":"https:\/\/academiapastoralnb.org\/wp-content\/uploads\/2025\/12\/entrevista_bonilozano-1024x576.jpg"},{"@type":"BreadcrumbList","@id":"https:\/\/academiapastoralnb.org\/podcast-academia-pastoral\/#breadcrumb","itemListElement":[{"@type":"ListItem","position":1,"name":"Home","item":"https:\/\/academiapastoralnb.org\/"},{"@type":"ListItem","position":2,"name":"Podcast Academia Pastoral"}]},{"@type":"WebSite","@id":"https:\/\/academiapastoralnb.org\/#website","url":"https:\/\/academiapastoralnb.org\/","name":"Pastoral Academy of North Bergen","description":"Formaci\u00f3n B\u00edblica y Pastoral: para servir a Dios y a su iglesia","potentialAction":[{"@type":"SearchAction","target":{"@type":"EntryPoint","urlTemplate":"https:\/\/academiapastoralnb.org\/?s={search_term_string}"},"query-input":{"@type":"PropertyValueSpecification","valueRequired":true,"valueName":"search_term_string"}}],"inLanguage":"en-US"}]}},"_links":{"self":[{"href":"https:\/\/academiapastoralnb.org\/en\/wp-json\/wp\/v2\/pages\/8615","targetHints":{"allow":["GET"]}}],"collection":[{"href":"https:\/\/academiapastoralnb.org\/en\/wp-json\/wp\/v2\/pages"}],"about":[{"href":"https:\/\/academiapastoralnb.org\/en\/wp-json\/wp\/v2\/types\/page"}],"author":[{"embeddable":true,"href":"https:\/\/academiapastoralnb.org\/en\/wp-json\/wp\/v2\/users\/1"}],"replies":[{"embeddable":true,"href":"https:\/\/academiapastoralnb.org\/en\/wp-json\/wp\/v2\/comments?post=8615"}],"version-history":[{"count":43,"href":"https:\/\/academiapastoralnb.org\/en\/wp-json\/wp\/v2\/pages\/8615\/revisions"}],"predecessor-version":[{"id":9466,"href":"https:\/\/academiapastoralnb.org\/en\/wp-json\/wp\/v2\/pages\/8615\/revisions\/9466"}],"wp:attachment":[{"href":"https:\/\/academiapastoralnb.org\/en\/wp-json\/wp\/v2\/media?parent=8615"}],"curies":[{"name":"wp","href":"https:\/\/api.w.org\/{rel}","templated":true}]}}