{"id":8392,"date":"2025-12-10T13:53:13","date_gmt":"2025-12-10T13:53:13","guid":{"rendered":"https:\/\/academiapastoralnb.org\/?page_id=8392"},"modified":"2026-04-14T15:14:15","modified_gmt":"2026-04-14T15:14:15","slug":"bienvenidos","status":"publish","type":"page","link":"https:\/\/academiapastoralnb.org\/en\/","title":{"rendered":"Bienvenidos"},"content":{"rendered":"<div id=\"sp-page\" class=\"spBgcoverscroll sp-content-5\" style=\"background-color: rgb(255, 255, 255); background-image: linear-gradient(0deg, rgba(0, 0, 0, 0.4), rgba(0, 0, 0, 0.4)), url('https:\/\/academiapastoralnb.org\/wp-content\/uploads\/2025\/08\/minpastoral-1-e1765374880219.webp') !important; font-family: Roboto, sans-serif; font-weight: 400;\">\n<section id=\"sp-ks8a8s\" data-mobile-visibility=\"#sp-ks8a8s|false\" data-tablet-visibility=\"#sp-ks8a8s|false\" data-desktop-visibility=\"#sp-ks8a8s|false\" data-mobile-css=\"\" data-tablet-css=\"\" class=\"sp-el-section\" style=\"width: 700px; max-width: 100%; padding: 10px 10px 10px 80px; border-radius: 10px;\">\n<div><\/div>\n<div id=\"sp-vw3kvy\" data-mobile-visibility=\"#sp-vw3kvy|false\" data-tablet-visibility=\"#sp-vw3kvy|false\" data-desktop-visibility=\"#sp-vw3kvy|false\" data-mobile-css=\"\" data-tablet-css=\"\" class=\"sp-el-row sp-w-full  sp-m-auto sm:sp-flex sp-justify-between\" style=\"padding: 0px; width: 100%; max-width: 100%;\">\n<div id=\"sp-ovbx1s\" data-mobile-visibility=\"#sp-ovbx1s|false\" data-tablet-visibility=\"#sp-ovbx1s|false\" data-desktop-visibility=\"#sp-ovbx1s|false\" data-mobile-css=\"\" data-tablet-css=\"\" class=\"sp-el-col  sp-w-full sm:sp-flex sp-flex-col sp-justify-center\" style=\"width: calc(100% + 0px);\">\n<div id=\"sp-niijfv\" data-mobile-css=\"#sp-niijfv|height:40px;\" data-tablet-css=\"#sp-niijfv|height:10px;\" class=\"sp-spacer\" style=\"height: 12px;\"><\/div>\n<figure id=\"sp-bp4kl0\" data-mobile-css=\"#sp-bp4kl0|text-align:center;\" data-tablet-css=\"#sp-bp4kl0|text-align:center;\" class=\"sp-image-wrapper sp-el-block\" style=\"margin: 0px 0px 50px; padding: 0px; text-align: center;\">\n<div><span><img fetchpriority=\"high\" decoding=\"async\" src=\"https:\/\/academiapastoralnb.org\/wp-content\/uploads\/2024\/04\/ChatGPT-Image-Dec-10-2025-01_19_12-PM-e1765391075936.png\" alt=\"\" width=\"700\" height=\"249\" data-dynamic-tag=\"\" data-image-src=\"wpmedia\" data-mobile-visibility=\".sp-image-block-bp4kl0|false\" data-tablet-visibility=\".sp-image-block-bp4kl0|false\" data-desktop-visibility=\".sp-image-block-bp4kl0|false\" srcset=\" https:\/\/academiapastoralnb.org\/wp-content\/uploads\/2024\/04\/ChatGPT-Image-Dec-10-2025-01_19_12-PM-e1765391075936-150x150.png 150w, https:\/\/academiapastoralnb.org\/wp-content\/uploads\/2024\/04\/ChatGPT-Image-Dec-10-2025-01_19_12-PM-e1765391075936-300x107.png 300w, https:\/\/academiapastoralnb.org\/wp-content\/uploads\/2024\/04\/ChatGPT-Image-Dec-10-2025-01_19_12-PM-e1765391075936-18x6.png 18w, https:\/\/academiapastoralnb.org\/wp-content\/uploads\/2024\/04\/ChatGPT-Image-Dec-10-2025-01_19_12-PM-e1765391075936.png 700w\" class=\"sp-image-block-bp4kl0 custom-preview-class\" style=\"width: 300px;\"><\/span><\/div>\n<div id=\"sp-image-dynamic-tags-js-bp4kl0\"><script>jQuery(function() { image_dynamic_tags('bp4kl0' );});<\/script><\/div>\n<\/figure>\n<div id=\"sp-w7zgt8\" data-mobile-css=\"#sp-w7zgt8|height:40px;\" data-tablet-css=\"#sp-w7zgt8|height:10px;\" class=\"sp-spacer\" style=\"height: 120px;\"><\/div>\n<div id=\"sp-wwmnuf\" data-mobile-css=\".sp-text-wrapper-wwmnuf, #sp-wwmnuf, #wwmnuf|line-height:1;text-align:center;margin:0px 0px 0px 0px ;\" data-tablet-css=\".sp-text-wrapper-wwmnuf, #sp-wwmnuf, #wwmnuf|text-align:left;margin:0px 0px 0px 0px ;\" data-mobile-visibility=\".sp-text-wrapper-wwmnuf|false\" data-tablet-visibility=\".sp-text-wrapper-wwmnuf|false\" data-desktop-visibility=\".sp-text-wrapper-wwmnuf|false\" class=\"sp-css-target sp-text-wrapper sp-el-block sp-text-block-style sp-text-wrapper-wwmnuf\" style=\"letter-spacing: 5px; font-size: 55px; font-family: Georgia, serif; padding: 0px; margin: -115px 0px 0px; text-align: center;\">\n<p style=\"text-align: center;\">Pastoral Academy<\/p>\n<\/div>\n<div id=\"sp-d9eomx\" data-mobile-css=\".sp-text-wrapper-d9eomx, #sp-d9eomx, #d9eomx|text-align:center;margin:-12px 0px 0px 20px ;\" data-tablet-css=\".sp-text-wrapper-d9eomx, #sp-d9eomx, #d9eomx|text-align:center;\" data-mobile-visibility=\".sp-text-wrapper-d9eomx|false\" data-tablet-visibility=\".sp-text-wrapper-d9eomx|false\" data-desktop-visibility=\".sp-text-wrapper-d9eomx|false\" class=\"sp-css-target sp-text-wrapper sp-el-block sp-text-block-style sp-text-wrapper-d9eomx\" style=\"font-size: 31px; font-family: Georgia, serif; margin: -14px 0px 0px; text-align: center;\">\n<p>North Bergen<\/p>\n<\/div>\n<div id=\"sp-armt2f\" data-mobile-css=\".sp-text-wrapper-armt2f, #sp-armt2f, #armt2f|text-align:left;margin:-42px 0px 0px 65px ;\" data-tablet-css=\".sp-text-wrapper-armt2f, #sp-armt2f, #armt2f|text-align:center;padding:10px 0px 0px 0px ;\" data-mobile-visibility=\".sp-text-wrapper-armt2f|false\" data-tablet-visibility=\".sp-text-wrapper-armt2f|false\" data-desktop-visibility=\".sp-text-wrapper-armt2f|false\" class=\"sp-css-target sp-text-wrapper sp-el-block sp-text-block-style sp-text-wrapper-armt2f\" style=\"font-size: 14px; font-family: Georgia, serif; margin: -48px 0px 0px -230px; text-align: center;\">\n<p>from<\/p>\n<\/div>\n<p><span href=\"\" target=\"\" rel=\"\" class=\"sp-header-block-link\" style=\"text-decoration: none;\"><\/p>\n<h1 id=\"sp-y0sc75\" data-mobile-css=\".sp-headline-block-y0sc75, #sp-y0sc75, #y0sc75|font-size:14px;letter-spacing:2px;text-align:left;margin:30px 0px 0px 0px ;\" data-tablet-css=\".sp-headline-block-y0sc75, #sp-y0sc75, #y0sc75|text-align:left;\" data-mobile-visibility=\".sp-headline-block-y0sc75|false\" data-tablet-visibility=\".sp-headline-block-y0sc75|false\" data-desktop-visibility=\".sp-headline-block-y0sc75|false\" class=\"sp-css-target sp-el-block sp-headline-block-y0sc75 sp-type-header\" style=\"font-size: 14px; font-weight: 400; font-style: normal; font-family: Georgia, serif; line-height: 1.8; letter-spacing: 5px; color: rgb(255, 255, 255); text-shadow: rgba(0, 0, 0, 0.5) 1px 1px 0px; text-align: left; padding: 15px 0px 0px 35px; margin: 20px 0px 0px;\">Y lo que has o\u00eddo de m\u00ed ante muchos testigos, esto encarga a hombres fieles que sean id\u00f3neos para ense\u00f1ar tambi\u00e9n a otros. 2 Tim. 2:2<\/h1>\n<p><\/span><\/p>\n<div id=\"sp-gczvyj\" data-mobile-css=\"#sp-gczvyj|height:20px;\" data-tablet-css=\"#sp-gczvyj|height:10px;\" class=\"sp-spacer\" style=\"height: 25px;\"><\/div>\n<\/div>\n<\/div>\n<div id=\"sp-u5adfk\" data-mobile-visibility=\"#sp-u5adfk|false\" data-tablet-visibility=\"#sp-u5adfk|false\" data-desktop-visibility=\"#sp-u5adfk|false\" data-mobile-css=\"\" data-tablet-css=\"\" class=\"sp-el-row sp-w-full  sp-m-auto sm:sp-flex sp-justify-between\">\n<div id=\"sp-me23of\" data-mobile-visibility=\"#sp-me23of|false\" data-tablet-visibility=\"#sp-me23of|false\" data-desktop-visibility=\"#sp-me23of|false\" data-mobile-css=\"\" data-tablet-css=\"\" class=\"sp-el-col  sp-w-full\" style=\"width: calc(50% + 0px);\">\n<div id=\"sp-button-parent-mh06k2\" data-mobile-css=\"\" data-tablet-css=\"#sp-button-parent-mh06k2|text-align:right;\" class=\"sp-button-wrapper sp-el-block\" style=\"margin: 0px; text-align: right;\"><a href=\"https:\/\/academiapastoralnb.org\/en\/inicio\/\" id=\"sp-mh06k2\" data-mobile-css=\"#sp-mh06k2|width:100%;\" data-tablet-css=\"\" data-mobile-visibility=\".sp-button-mh06k2|false\" data-tablet-visibility=\".sp-button-mh06k2|false\" data-desktop-visibility=\".sp-button-mh06k2|false\" target=\"\" rel=\"\" class=\"sp-button sp-css-target sp-text-center sp-inline-block sp-leading-none sp-button-mh06k2\" style=\"font-size: 15px; background: rgb(255, 255, 255); color: rgb(0, 0, 0); width: auto; padding: 8px 12px;\"><span id=\"mh06k2\" class=\"mce-content-body html4-captions\"  style=\"position: relative;\" >Enter<\/span><\/a><\/div>\n<\/div>\n<div id=\"sp-pfhwee\" data-mobile-visibility=\"#sp-pfhwee|false\" data-tablet-visibility=\"#sp-pfhwee|false\" data-desktop-visibility=\"#sp-pfhwee|false\" data-mobile-css=\"\" data-tablet-css=\"\" class=\"sp-el-col  sp-w-full\" style=\"width: calc(50% + 0px);\">\n<div id=\"sp-button-parent-vuvksi\" data-mobile-css=\"\" data-tablet-css=\"#sp-button-parent-vuvksi|text-align:left;\" class=\"sp-button-wrapper sp-el-block\" style=\"margin: 0px; text-align: left;\"><a href=\"https:\/\/academiapastoralnb.org\/en\/inicio\/\" id=\"sp-vuvksi\" data-mobile-css=\"#sp-vuvksi|width:100%;\" data-tablet-css=\"\" data-mobile-visibility=\".sp-button-vuvksi|false\" data-tablet-visibility=\".sp-button-vuvksi|false\" data-desktop-visibility=\".sp-button-vuvksi|false\" target=\"\" rel=\"\" class=\"sp-button sp-css-target sp-text-center sp-inline-block sp-leading-none sp-button-vuvksi\" style=\"font-size: 15px; background: rgb(255, 255, 255); color: rgb(0, 0, 0); width: auto; padding: 8px 12px;\"><span>Enter<\/span><\/a><\/div>\n<\/div>\n<\/div>\n<\/section>\n<\/div>","protected":false},"excerpt":{"rendered":"<p>Academia Pastoral North Bergen de Y lo que has o\u00eddo de m\u00ed ante muchos testigos, esto encarga a hombres fieles que sean id\u00f3neos para ense\u00f1ar tambi\u00e9n a otros. 2 Tim. 2:2 Entrar Enter<\/p>","protected":false},"author":1,"featured_media":0,"parent":0,"menu_order":0,"comment_status":"closed","ping_status":"closed","template":"","meta":{"footnotes":""},"class_list":["post-8392","page","type-page","status-publish","hentry"],"yoast_head":"<!-- This site is optimized with the Yoast SEO plugin v27.5 - https:\/\/yoast.com\/product\/yoast-seo-wordpress\/ -->\n<title>Bienvenidos - Academia Pastoral de North Bergen<\/title>\n<meta name=\"robots\" content=\"index, follow, max-snippet:-1, max-image-preview:large, max-video-preview:-1\" \/>\n<link rel=\"canonical\" href=\"https:\/\/academiapastoralnb.org\/en\/\" \/>\n<meta property=\"og:locale\" content=\"en_US\" \/>\n<meta property=\"og:type\" content=\"article\" \/>\n<meta property=\"og:title\" content=\"Bienvenidos - Academia Pastoral de North Bergen\" \/>\n<meta property=\"og:description\" content=\"Academia Pastoral North Bergen de Y lo que has o\u00eddo de m\u00ed ante muchos testigos, esto encarga a hombres fieles que sean id\u00f3neos para ense\u00f1ar tambi\u00e9n a otros. 2 Tim. 2:2 Entrar Enter\" \/>\n<meta property=\"og:url\" content=\"https:\/\/academiapastoralnb.org\/en\/\" \/>\n<meta property=\"og:site_name\" content=\"Academia Pastoral de North Bergen\" \/>\n<meta property=\"article:modified_time\" content=\"2026-04-14T15:14:15+00:00\" \/>\n<meta property=\"og:image\" content=\"https:\/\/academiapastoralnb.org\/wp-content\/uploads\/2024\/04\/ChatGPT-Image-Dec-10-2025-01_19_12-PM-e1765391075936.png\" \/>\n<meta name=\"twitter:card\" content=\"summary_large_image\" \/>\n<script type=\"application\/ld+json\" class=\"yoast-schema-graph\">{\"@context\":\"https:\\\/\\\/schema.org\",\"@graph\":[{\"@type\":\"WebPage\",\"@id\":\"https:\\\/\\\/academiapastoralnb.org\\\/\",\"url\":\"https:\\\/\\\/academiapastoralnb.org\\\/\",\"name\":\"Bienvenidos - Academia Pastoral de North Bergen\",\"isPartOf\":{\"@id\":\"https:\\\/\\\/academiapastoralnb.org\\\/#website\"},\"primaryImageOfPage\":{\"@id\":\"https:\\\/\\\/academiapastoralnb.org\\\/#primaryimage\"},\"image\":{\"@id\":\"https:\\\/\\\/academiapastoralnb.org\\\/#primaryimage\"},\"thumbnailUrl\":\"https:\\\/\\\/academiapastoralnb.org\\\/wp-content\\\/uploads\\\/2024\\\/04\\\/ChatGPT-Image-Dec-10-2025-01_19_12-PM-e1765391075936.png\",\"datePublished\":\"2025-12-10T13:53:13+00:00\",\"dateModified\":\"2026-04-14T15:14:15+00:00\",\"breadcrumb\":{\"@id\":\"https:\\\/\\\/academiapastoralnb.org\\\/#breadcrumb\"},\"inLanguage\":\"en-US\",\"potentialAction\":[{\"@type\":\"ReadAction\",\"target\":[\"https:\\\/\\\/academiapastoralnb.org\\\/\"]}]},{\"@type\":\"ImageObject\",\"inLanguage\":\"en-US\",\"@id\":\"https:\\\/\\\/academiapastoralnb.org\\\/#primaryimage\",\"url\":\"https:\\\/\\\/academiapastoralnb.org\\\/wp-content\\\/uploads\\\/2024\\\/04\\\/ChatGPT-Image-Dec-10-2025-01_19_12-PM-e1765391075936.png\",\"contentUrl\":\"https:\\\/\\\/academiapastoralnb.org\\\/wp-content\\\/uploads\\\/2024\\\/04\\\/ChatGPT-Image-Dec-10-2025-01_19_12-PM-e1765391075936.png\"},{\"@type\":\"BreadcrumbList\",\"@id\":\"https:\\\/\\\/academiapastoralnb.org\\\/#breadcrumb\",\"itemListElement\":[{\"@type\":\"ListItem\",\"position\":1,\"name\":\"Home\",\"item\":\"https:\\\/\\\/academiapastoralnb.org\\\/\"},{\"@type\":\"ListItem\",\"position\":2,\"name\":\"Bienvenidos\"}]},{\"@type\":\"WebSite\",\"@id\":\"https:\\\/\\\/academiapastoralnb.org\\\/#website\",\"url\":\"https:\\\/\\\/academiapastoralnb.org\\\/\",\"name\":\"Academia Pastoral de North Bergen\",\"description\":\"Formaci\u00f3n B\u00edblica y Pastoral: para servir a Dios y a su iglesia\",\"potentialAction\":[{\"@type\":\"SearchAction\",\"target\":{\"@type\":\"EntryPoint\",\"urlTemplate\":\"https:\\\/\\\/academiapastoralnb.org\\\/?s={search_term_string}\"},\"query-input\":{\"@type\":\"PropertyValueSpecification\",\"valueRequired\":true,\"valueName\":\"search_term_string\"}}],\"inLanguage\":\"en-US\"}]}<\/script>\n<!-- \/ Yoast SEO plugin. -->","yoast_head_json":{"title":"Bienvenidos - Academia Pastoral de North Bergen","robots":{"index":"index","follow":"follow","max-snippet":"max-snippet:-1","max-image-preview":"max-image-preview:large","max-video-preview":"max-video-preview:-1"},"canonical":"https:\/\/academiapastoralnb.org\/en\/","og_locale":"en_US","og_type":"article","og_title":"Bienvenidos - Academia Pastoral de North Bergen","og_description":"Academia Pastoral North Bergen de Y lo que has o\u00eddo de m\u00ed ante muchos testigos, esto encarga a hombres fieles que sean id\u00f3neos para ense\u00f1ar tambi\u00e9n a otros. 2 Tim. 2:2 Entrar Enter","og_url":"https:\/\/academiapastoralnb.org\/en\/","og_site_name":"Academia Pastoral de North Bergen","article_modified_time":"2026-04-14T15:14:15+00:00","og_image":[{"url":"https:\/\/academiapastoralnb.org\/wp-content\/uploads\/2024\/04\/ChatGPT-Image-Dec-10-2025-01_19_12-PM-e1765391075936.png","type":"","width":"","height":""}],"twitter_card":"summary_large_image","schema":{"@context":"https:\/\/schema.org","@graph":[{"@type":"WebPage","@id":"https:\/\/academiapastoralnb.org\/","url":"https:\/\/academiapastoralnb.org\/","name":"Bienvenidos - Academia Pastoral de North Bergen","isPartOf":{"@id":"https:\/\/academiapastoralnb.org\/#website"},"primaryImageOfPage":{"@id":"https:\/\/academiapastoralnb.org\/#primaryimage"},"image":{"@id":"https:\/\/academiapastoralnb.org\/#primaryimage"},"thumbnailUrl":"https:\/\/academiapastoralnb.org\/wp-content\/uploads\/2024\/04\/ChatGPT-Image-Dec-10-2025-01_19_12-PM-e1765391075936.png","datePublished":"2025-12-10T13:53:13+00:00","dateModified":"2026-04-14T15:14:15+00:00","breadcrumb":{"@id":"https:\/\/academiapastoralnb.org\/#breadcrumb"},"inLanguage":"en-US","potentialAction":[{"@type":"ReadAction","target":["https:\/\/academiapastoralnb.org\/"]}]},{"@type":"ImageObject","inLanguage":"en-US","@id":"https:\/\/academiapastoralnb.org\/#primaryimage","url":"https:\/\/academiapastoralnb.org\/wp-content\/uploads\/2024\/04\/ChatGPT-Image-Dec-10-2025-01_19_12-PM-e1765391075936.png","contentUrl":"https:\/\/academiapastoralnb.org\/wp-content\/uploads\/2024\/04\/ChatGPT-Image-Dec-10-2025-01_19_12-PM-e1765391075936.png"},{"@type":"BreadcrumbList","@id":"https:\/\/academiapastoralnb.org\/#breadcrumb","itemListElement":[{"@type":"ListItem","position":1,"name":"Home","item":"https:\/\/academiapastoralnb.org\/"},{"@type":"ListItem","position":2,"name":"Bienvenidos"}]},{"@type":"WebSite","@id":"https:\/\/academiapastoralnb.org\/#website","url":"https:\/\/academiapastoralnb.org\/","name":"Pastoral Academy of North Bergen","description":"Formaci\u00f3n B\u00edblica y Pastoral: para servir a Dios y a su iglesia","potentialAction":[{"@type":"SearchAction","target":{"@type":"EntryPoint","urlTemplate":"https:\/\/academiapastoralnb.org\/?s={search_term_string}"},"query-input":{"@type":"PropertyValueSpecification","valueRequired":true,"valueName":"search_term_string"}}],"inLanguage":"en-US"}]}},"_links":{"self":[{"href":"https:\/\/academiapastoralnb.org\/en\/wp-json\/wp\/v2\/pages\/8392","targetHints":{"allow":["GET"]}}],"collection":[{"href":"https:\/\/academiapastoralnb.org\/en\/wp-json\/wp\/v2\/pages"}],"about":[{"href":"https:\/\/academiapastoralnb.org\/en\/wp-json\/wp\/v2\/types\/page"}],"author":[{"embeddable":true,"href":"https:\/\/academiapastoralnb.org\/en\/wp-json\/wp\/v2\/users\/1"}],"replies":[{"embeddable":true,"href":"https:\/\/academiapastoralnb.org\/en\/wp-json\/wp\/v2\/comments?post=8392"}],"version-history":[{"count":56,"href":"https:\/\/academiapastoralnb.org\/en\/wp-json\/wp\/v2\/pages\/8392\/revisions"}],"predecessor-version":[{"id":8395,"href":"https:\/\/academiapastoralnb.org\/en\/wp-json\/wp\/v2\/pages\/8392\/revisions\/8395"}],"wp:attachment":[{"href":"https:\/\/academiapastoralnb.org\/en\/wp-json\/wp\/v2\/media?parent=8392"}],"curies":[{"name":"wp","href":"https:\/\/api.w.org\/{rel}","templated":true}]}}