{"id":1730,"date":"2025-08-26T02:27:40","date_gmt":"2025-08-26T02:27:40","guid":{"rendered":"https:\/\/academiaministerialbautista.org\/membership-join\/"},"modified":"2025-08-29T01:58:24","modified_gmt":"2025-08-29T01:58:24","slug":"membership-join","status":"publish","type":"page","link":"https:\/\/academiapastoralnb.org\/en\/membership-join\/","title":{"rendered":"Join Us"},"content":{"rendered":"<div data-elementor-type=\"wp-page\" data-elementor-id=\"1730\" class=\"elementor elementor-1730\">\n\t\t\t\t<div class=\"elementor-element elementor-element-e325088 e-flex e-con-boxed wpr-particle-no wpr-jarallax-no wpr-parallax-no wpr-sticky-section-no wpr-equal-height-no e-con e-parent\" data-id=\"e325088\" data-element_type=\"container\" data-e-type=\"container\" data-settings=\"{&quot;background_background&quot;:&quot;classic&quot;}\">\n\t\t\t\t\t<div class=\"e-con-inner\">\n\t\t<div class=\"elementor-element elementor-element-bc8757e e-flex e-con-boxed wpr-particle-no wpr-jarallax-no wpr-parallax-no wpr-sticky-section-no wpr-equal-height-no e-con e-child\" data-id=\"bc8757e\" data-element_type=\"container\" data-e-type=\"container\">\n\t\t\t\t\t<div class=\"e-con-inner\">\n\t\t\t\t<div class=\"elementor-element elementor-element-e423677 elementor-invisible elementor-widget elementor-widget-heading\" data-id=\"e423677\" data-element_type=\"widget\" data-e-type=\"widget\" data-settings=\"{&quot;_animation&quot;:&quot;fadeIn&quot;}\" data-widget_type=\"heading.default\">\n\t\t\t\t\t<h2 class=\"elementor-heading-title elementor-size-default\">Restricted Access<\/h2>\t\t\t\t<\/div>\n\t\t\t\t\t<\/div>\n\t\t\t\t<\/div>\n\t\t\t\t\t<\/div>\n\t\t\t\t<\/div>\n\t\t<div class=\"elementor-element elementor-element-a6ca6c8 e-flex e-con-boxed wpr-particle-no wpr-jarallax-no wpr-parallax-no wpr-sticky-section-no wpr-equal-height-no e-con e-parent\" data-id=\"a6ca6c8\" data-element_type=\"container\" data-e-type=\"container\" data-settings=\"{&quot;background_background&quot;:&quot;classic&quot;}\">\n\t\t\t\t\t<div class=\"e-con-inner\">\n\t\t<div class=\"elementor-element elementor-element-fbb3b3e e-flex e-con-boxed wpr-particle-no wpr-jarallax-no wpr-parallax-no wpr-sticky-section-no wpr-equal-height-no e-con e-child\" data-id=\"fbb3b3e\" data-element_type=\"container\" data-e-type=\"container\">\n\t\t\t\t\t<div class=\"e-con-inner\">\n\t\t<div class=\"elementor-element elementor-element-d2f1c11 e-flex e-con-boxed wpr-particle-no wpr-jarallax-no wpr-parallax-no wpr-sticky-section-no wpr-equal-height-no e-con e-child\" data-id=\"d2f1c11\" data-element_type=\"container\" data-e-type=\"container\">\n\t\t\t\t\t<div class=\"e-con-inner\">\n\t\t\t\t<div class=\"elementor-element elementor-element-a399902 elementor-widget elementor-widget-text-editor\" data-id=\"a399902\" data-element_type=\"widget\" data-e-type=\"widget\" data-widget_type=\"text-editor.default\">\n\t\t\t\t\t\t\t\t\t<p>In order to access this content and other exclusive resources from our <b>Baptist Ministerial Academy<\/b>you can apply for registration by sending an e-mail to <strong><a href=\"mailto:ibrnb1689@gmail.com\">ibrnb1689@gmail.com<\/a><\/strong>. We will gladly proceed to create your account in our system so you can log in and enjoy all the formative content available on our website. We appreciate your interest in growing in the pastoral ministry and in strengthening your theological formation with us.<\/p>\t\t\t\t\t\t\t\t<\/div>\n\t\t\t\t\t<\/div>\n\t\t\t\t<\/div>\n\t\t\t\t\t<\/div>\n\t\t\t\t<\/div>\n\t\t\t\t\t<\/div>\n\t\t\t\t<\/div>\n\t\t<div class=\"elementor-element elementor-element-25afc4c e-flex e-con-boxed wpr-particle-no wpr-jarallax-no wpr-parallax-no wpr-sticky-section-no wpr-equal-height-no e-con e-parent\" data-id=\"25afc4c\" data-element_type=\"container\" data-e-type=\"container\" data-settings=\"{&quot;background_background&quot;:&quot;classic&quot;}\">\n\t\t\t\t\t<div class=\"e-con-inner\">\n\t\t<div class=\"elementor-element elementor-element-8dec88f e-con-full e-flex wpr-particle-no wpr-jarallax-no wpr-parallax-no wpr-sticky-section-no wpr-equal-height-no e-con e-child\" data-id=\"8dec88f\" data-element_type=\"container\" data-e-type=\"container\">\n\t\t\t\t<div class=\"elementor-element elementor-element-cebc294 wpr-button-icon-style-inline wpr-button-icon-position-right elementor-invisible elementor-widget elementor-widget-wpr-button\" data-id=\"cebc294\" data-element_type=\"widget\" data-e-type=\"widget\" data-settings=\"{&quot;_animation&quot;:&quot;slideInUp&quot;,&quot;_animation_delay&quot;:300}\" data-widget_type=\"wpr-button.default\">\n\t\t\t\t\t\t\n\t\t\t\n\t\t\n\t\t<div class=\"wpr-button-wrap elementor-clearfix\">\n\t\t<a class=\"wpr-button wpr-button-effect wpr-button-none\" data-text=\"\" href=\"mailto:ibrnb1689@gmail.com\">\n\t\t\t\n\t\t\t<span class=\"wpr-button-content\">\n\t\t\t\t\t\t\t\t\t<span class=\"wpr-button-text\">Solicitar Acceso<\/span>\n\t\t\t\t\t\t\t\t\n\t\t\t\t\t\t\t<\/span>\n\t\t<\/a>\n\n\t\t\t\t<\/div>\n\t\n\t\n\t\t\t\t\t<\/div>\n\t\t\t\t<\/div>\n\t\t<div class=\"elementor-element elementor-element-1ff8551 e-con-full e-flex wpr-particle-no wpr-jarallax-no wpr-parallax-no wpr-sticky-section-no wpr-equal-height-no e-con e-child\" data-id=\"1ff8551\" data-element_type=\"container\" data-e-type=\"container\">\n\t\t\t\t<div class=\"elementor-element elementor-element-ad0a461 wpr-button-icon-style-inline wpr-button-icon-position-right elementor-invisible elementor-widget elementor-widget-wpr-button\" data-id=\"ad0a461\" data-element_type=\"widget\" data-e-type=\"widget\" data-settings=\"{&quot;_animation&quot;:&quot;slideInUp&quot;,&quot;_animation_delay&quot;:300}\" data-widget_type=\"wpr-button.default\">\n\t\t\t\t\t\t\n\t\t\t\n\t\t\n\t\t<div class=\"wpr-button-wrap elementor-clearfix\">\n\t\t<a class=\"wpr-button wpr-button-effect wpr-button-none\" data-text=\"\" href=\"https:\/\/academiapastoralnb.org\/en\/inicio\/\">\n\t\t\t\n\t\t\t<span class=\"wpr-button-content\">\n\t\t\t\t\t\t\t\t\t<span class=\"wpr-button-text\">Salir<\/span>\n\t\t\t\t\t\t\t\t\n\t\t\t\t\t\t\t<\/span>\n\t\t<\/a>\n\n\t\t\t\t<\/div>\n\t\n\t\n\t\t\t\t\t<\/div>\n\t\t\t\t<\/div>\n\t\t\t\t\t<\/div>\n\t\t\t\t<\/div>\n\t\t\t\t<\/div>","protected":false},"excerpt":{"rendered":"<p>Acceso Restringido Para poder acceder a este contenido y a otros recursos exclusivos de nuestra Academia Ministerial Bautista, puedes solicitar tu registro enviando un correo electr\u00f3nico a ibrnb1689@gmail.com. Con gusto procederemos a crear tu cuenta en nuestro sistema para que puedas iniciar sesi\u00f3n y disfrutar de todo el contenido formativo disponible en nuestra web. Agradecemos tu inter\u00e9s en crecer en el ministerio pastoral y en fortalecer tu formaci\u00f3n teol\u00f3gica con nosotros. Solicitar Acceso Salir<\/p>","protected":false},"author":1,"featured_media":0,"parent":0,"menu_order":0,"comment_status":"closed","ping_status":"closed","template":"elementor_canvas","meta":{"footnotes":""},"class_list":["post-1730","page","type-page","status-publish","hentry"],"yoast_head":"<!-- This site is optimized with the Yoast SEO plugin v27.5 - https:\/\/yoast.com\/product\/yoast-seo-wordpress\/ -->\n<title>Join Us - Academia Pastoral de North Bergen<\/title>\n<meta name=\"robots\" content=\"index, follow, max-snippet:-1, max-image-preview:large, max-video-preview:-1\" \/>\n<link rel=\"canonical\" href=\"https:\/\/academiapastoralnb.org\/en\/membership-join\/\" \/>\n<meta property=\"og:locale\" content=\"en_US\" \/>\n<meta property=\"og:type\" content=\"article\" \/>\n<meta property=\"og:title\" content=\"Join Us - Academia Pastoral de North Bergen\" \/>\n<meta property=\"og:description\" content=\"Acceso Restringido Para poder acceder a este contenido y a otros recursos exclusivos de nuestra Academia Ministerial Bautista, puedes solicitar tu registro enviando un correo electr\u00f3nico a ibrnb1689@gmail.com. Con gusto procederemos a crear tu cuenta en nuestro sistema para que puedas iniciar sesi\u00f3n y disfrutar de todo el contenido formativo disponible en nuestra web. Agradecemos tu inter\u00e9s en crecer en el ministerio pastoral y en fortalecer tu formaci\u00f3n teol\u00f3gica con nosotros. Solicitar Acceso Salir\" \/>\n<meta property=\"og:url\" content=\"https:\/\/academiapastoralnb.org\/en\/membership-join\/\" \/>\n<meta property=\"og:site_name\" content=\"Academia Pastoral de North Bergen\" \/>\n<meta property=\"article:modified_time\" content=\"2025-08-29T01:58:24+00:00\" \/>\n<meta name=\"twitter:card\" content=\"summary_large_image\" \/>\n<meta name=\"twitter:label1\" content=\"Est. reading time\" \/>\n\t<meta name=\"twitter:data1\" content=\"1 minute\" \/>\n<script type=\"application\/ld+json\" class=\"yoast-schema-graph\">{\"@context\":\"https:\\\/\\\/schema.org\",\"@graph\":[{\"@type\":\"WebPage\",\"@id\":\"https:\\\/\\\/academiapastoralnb.org\\\/membership-join\\\/\",\"url\":\"https:\\\/\\\/academiapastoralnb.org\\\/membership-join\\\/\",\"name\":\"Join Us - Academia Pastoral de North Bergen\",\"isPartOf\":{\"@id\":\"https:\\\/\\\/academiapastoralnb.org\\\/#website\"},\"datePublished\":\"2025-08-26T02:27:40+00:00\",\"dateModified\":\"2025-08-29T01:58:24+00:00\",\"breadcrumb\":{\"@id\":\"https:\\\/\\\/academiapastoralnb.org\\\/membership-join\\\/#breadcrumb\"},\"inLanguage\":\"en-US\",\"potentialAction\":[{\"@type\":\"ReadAction\",\"target\":[\"https:\\\/\\\/academiapastoralnb.org\\\/membership-join\\\/\"]}]},{\"@type\":\"BreadcrumbList\",\"@id\":\"https:\\\/\\\/academiapastoralnb.org\\\/membership-join\\\/#breadcrumb\",\"itemListElement\":[{\"@type\":\"ListItem\",\"position\":1,\"name\":\"Home\",\"item\":\"https:\\\/\\\/academiapastoralnb.org\\\/\"},{\"@type\":\"ListItem\",\"position\":2,\"name\":\"Join Us\"}]},{\"@type\":\"WebSite\",\"@id\":\"https:\\\/\\\/academiapastoralnb.org\\\/#website\",\"url\":\"https:\\\/\\\/academiapastoralnb.org\\\/\",\"name\":\"Academia Pastoral de North Bergen\",\"description\":\"Formaci\u00f3n B\u00edblica y Pastoral: para servir a Dios y a su iglesia\",\"potentialAction\":[{\"@type\":\"SearchAction\",\"target\":{\"@type\":\"EntryPoint\",\"urlTemplate\":\"https:\\\/\\\/academiapastoralnb.org\\\/?s={search_term_string}\"},\"query-input\":{\"@type\":\"PropertyValueSpecification\",\"valueRequired\":true,\"valueName\":\"search_term_string\"}}],\"inLanguage\":\"en-US\"}]}<\/script>\n<!-- \/ Yoast SEO plugin. -->","yoast_head_json":{"title":"Join Us - Academia Pastoral de North Bergen","robots":{"index":"index","follow":"follow","max-snippet":"max-snippet:-1","max-image-preview":"max-image-preview:large","max-video-preview":"max-video-preview:-1"},"canonical":"https:\/\/academiapastoralnb.org\/en\/membership-join\/","og_locale":"en_US","og_type":"article","og_title":"Join Us - Academia Pastoral de North Bergen","og_description":"Acceso Restringido Para poder acceder a este contenido y a otros recursos exclusivos de nuestra Academia Ministerial Bautista, puedes solicitar tu registro enviando un correo electr\u00f3nico a ibrnb1689@gmail.com. Con gusto procederemos a crear tu cuenta en nuestro sistema para que puedas iniciar sesi\u00f3n y disfrutar de todo el contenido formativo disponible en nuestra web. Agradecemos tu inter\u00e9s en crecer en el ministerio pastoral y en fortalecer tu formaci\u00f3n teol\u00f3gica con nosotros. Solicitar Acceso Salir","og_url":"https:\/\/academiapastoralnb.org\/en\/membership-join\/","og_site_name":"Academia Pastoral de North Bergen","article_modified_time":"2025-08-29T01:58:24+00:00","twitter_card":"summary_large_image","twitter_misc":{"Est. reading time":"1 minute"},"schema":{"@context":"https:\/\/schema.org","@graph":[{"@type":"WebPage","@id":"https:\/\/academiapastoralnb.org\/membership-join\/","url":"https:\/\/academiapastoralnb.org\/membership-join\/","name":"Join Us - Academia Pastoral de North Bergen","isPartOf":{"@id":"https:\/\/academiapastoralnb.org\/#website"},"datePublished":"2025-08-26T02:27:40+00:00","dateModified":"2025-08-29T01:58:24+00:00","breadcrumb":{"@id":"https:\/\/academiapastoralnb.org\/membership-join\/#breadcrumb"},"inLanguage":"en-US","potentialAction":[{"@type":"ReadAction","target":["https:\/\/academiapastoralnb.org\/membership-join\/"]}]},{"@type":"BreadcrumbList","@id":"https:\/\/academiapastoralnb.org\/membership-join\/#breadcrumb","itemListElement":[{"@type":"ListItem","position":1,"name":"Home","item":"https:\/\/academiapastoralnb.org\/"},{"@type":"ListItem","position":2,"name":"Join Us"}]},{"@type":"WebSite","@id":"https:\/\/academiapastoralnb.org\/#website","url":"https:\/\/academiapastoralnb.org\/","name":"Pastoral Academy of North Bergen","description":"Formaci\u00f3n B\u00edblica y Pastoral: para servir a Dios y a su iglesia","potentialAction":[{"@type":"SearchAction","target":{"@type":"EntryPoint","urlTemplate":"https:\/\/academiapastoralnb.org\/?s={search_term_string}"},"query-input":{"@type":"PropertyValueSpecification","valueRequired":true,"valueName":"search_term_string"}}],"inLanguage":"en-US"}]}},"_links":{"self":[{"href":"https:\/\/academiapastoralnb.org\/en\/wp-json\/wp\/v2\/pages\/1730","targetHints":{"allow":["GET"]}}],"collection":[{"href":"https:\/\/academiapastoralnb.org\/en\/wp-json\/wp\/v2\/pages"}],"about":[{"href":"https:\/\/academiapastoralnb.org\/en\/wp-json\/wp\/v2\/types\/page"}],"author":[{"embeddable":true,"href":"https:\/\/academiapastoralnb.org\/en\/wp-json\/wp\/v2\/users\/1"}],"replies":[{"embeddable":true,"href":"https:\/\/academiapastoralnb.org\/en\/wp-json\/wp\/v2\/comments?post=1730"}],"version-history":[{"count":48,"href":"https:\/\/academiapastoralnb.org\/en\/wp-json\/wp\/v2\/pages\/1730\/revisions"}],"predecessor-version":[{"id":3964,"href":"https:\/\/academiapastoralnb.org\/en\/wp-json\/wp\/v2\/pages\/1730\/revisions\/3964"}],"wp:attachment":[{"href":"https:\/\/academiapastoralnb.org\/en\/wp-json\/wp\/v2\/media?parent=1730"}],"curies":[{"name":"wp","href":"https:\/\/api.w.org\/{rel}","templated":true}]}}